{"id":17375,"date":"2015-11-20T16:32:30","date_gmt":"2015-11-20T16:32:30","guid":{"rendered":"http:\/\/lapalmacookery.com\/?page_id=17375"},"modified":"2015-11-27T12:00:56","modified_gmt":"2015-11-27T12:00:56","slug":"seite-aktivitaten","status":"publish","type":"page","link":"http:\/\/lapalmacookery.com\/de\/seite-aktivitaten\/","title":{"rendered":"DIE K\u00dcCHE IHRER WAHL"},"content":{"rendered":"<div    class=\"vc_row wpb_row section vc_row-fluid\" style=' text-align:left;'><div class=\" full_section_inner clearfix\">\n\t<div class=\"vc_col-sm-12 wpb_column vc_column_container \">\n\t\t<div class=\"wpb_wrapper\">\n\t\t\t\n\t<div class=\"wpb_text_column wpb_content_element \">\n\t\t<div class=\"wpb_wrapper\">\n\t\t\t<h4 style=\"text-align: center;\">\n\n\t\t<\/div> \n\t<\/div> \n\t\t<\/div> \n\t<\/div> \n<\/div><\/div><section  data-q_id=\"#portfolio\"  data-q_title=\"Portfolio List\"  data-q_icon=\"fa-list\" data-speed=\"1\" class=\"parallax_section_holder  \" style = \" height:px; background-image:url('');\"><div class=\"parallax_content left\"><div class='parallax_section_inner_margin clearfix'>\n\t<div class=\"vc_col-sm-12 wpb_column vc_column_container \">\n\t\t<div class=\"wpb_wrapper\">\n\t\t\t<div class=\"separator  transparent center  \" style=\"margin-top: 108px;margin-bottom: 0px;\"><\/div>\n\n\t<div class=\"wpb_text_column wpb_content_element \">\n\t\t<div class=\"wpb_wrapper\">\n\t\t\t<\/h4>\n<h2 class=\"p1\" style=\"text-align: center;\"><strong>Sie haben die Wahl &#8211; welche K\u00fcche bevorzugen Sie? <\/strong><\/h2>\n\n\t\t<\/div> \n\t<\/div> <div class=\"separator  transparent center  \" style=\"margin-top: 6px;margin-bottom: 23px;\"><\/div>\n\n\t<div class=\"wpb_text_column wpb_content_element \">\n\t\t<div class=\"wpb_wrapper\">\n\t\t\t<h4 style=\"text-align: center;\"><strong>Warum Sie als Gastgeber w\u00e4hlen d\u00fcrfen<\/strong><\/h4>\n\n\t\t<\/div> \n\t<\/div> <div class=\"separator  transparent center  \" style=\"margin-top: 6px;margin-bottom: 23px;\"><\/div>\n\n\t<div class=\"wpb_text_column wpb_content_element \">\n\t\t<div class=\"wpb_wrapper\">\n\t\t\t<p class=\"p1\" style=\"text-align: center;\">Das ist nat\u00fcrlich klar, als Gastgeber bestimmen Sie, welches Gericht gekocht wird. Oder welche K\u00fcche &#8211; die spanische, kanarische, vegetarische oder kosmopolitanische K\u00fcche gekocht wird. Am besten gebe ich Ihnen ein paar Ideen an die Hand, damit Ihnen die Entscheidung leichter f\u00e4llt.<\/p>\n\n\t\t<\/div> \n\t<\/div> <div class=\"vc_empty_space\"  style=\"height: 32px\" ><span class=\"vc_empty_space_inner\"><\/span><\/div>\n\n\n\t\t<\/div> \n\t<\/div> \n<\/div><\/div><\/section><div    class=\"vc_row wpb_row section vc_row-fluid grid_section\" style='background-color:#f8f8f8; padding-top:35px; padding-bottom:40px; text-align:left;'><div class=\" section_inner clearfix\"><div class='section_inner_margin clearfix'>\n\t<div class=\"vc_col-sm-12 wpb_column vc_column_container \">\n\t\t<div class=\"wpb_wrapper\">\n\t\t\t<div    class=\"vc_row wpb_row section vc_inner vc_row-fluid\" style=' text-align:left;'><div class=\" full_section_inner clearfix\">\n\t<div class=\"vc_col-sm-5 wpb_column vc_column_container  vc_custom_1447764241125\">\n\t\t<div class=\"wpb_wrapper\">\n\t\t\t\n\t<div class=\"wpb_gallery wpb_content_element clearfix\">\n\t\t<div class=\"wpb_wrapper\"><div class=\"wpb_gallery_slides wpb_flexslider flexslider_fade flexslider\" data-interval=\"3\" data-flex_fx=\"fade\"><ul class=\"slides\"><li><a class=\"prettyphoto\" href=\"http:\/\/lapalmacookery.com\/wp-content\/uploads\/2015\/11\/papasArrugas-conmojo-lapalmacookery-1024x745.jpg\" rel=\"prettyPhoto[rel-664532296]\"><img width=\"1100\" height=\"800\" src=\"http:\/\/lapalmacookery.com\/wp-content\/uploads\/2015\/11\/papasArrugas-conmojo-lapalmacookery.jpg\" class=\"attachment-full\" alt=\"\" loading=\"lazy\" srcset=\"http:\/\/lapalmacookery.com\/wp-content\/uploads\/2015\/11\/papasArrugas-conmojo-lapalmacookery.jpg 1100w, http:\/\/lapalmacookery.com\/wp-content\/uploads\/2015\/11\/papasArrugas-conmojo-lapalmacookery-300x218.jpg 300w, http:\/\/lapalmacookery.com\/wp-content\/uploads\/2015\/11\/papasArrugas-conmojo-lapalmacookery-1024x745.jpg 1024w, http:\/\/lapalmacookery.com\/wp-content\/uploads\/2015\/11\/papasArrugas-conmojo-lapalmacookery-700x509.jpg 700w\" sizes=\"(max-width: 1100px) 100vw, 1100px\" \/><\/a><\/li><\/ul><\/div>\n\t\t<\/div> \n\t<\/div> \n\t<div class=\"wpb_text_column wpb_content_element \">\n\t\t<div class=\"wpb_wrapper\">\n\t\t\t<h3 class=\"p1\" style=\"text-align: center;\">Die kanarische K\u00fcche &#8211; das liegt nahe<\/h3>\n<div class=\"separator  transparent center  \" style=\"margin-top: 15px;\"><\/div>\n\n<p class=\"p1\" style=\"text-align: justify;\"><span class=\"s1\">Es liegt auf der Hand.\u00a0<\/span>Wir sind auf den Kanarischen Inseln daher steht die kanarische K\u00fcche im Vordergrund. Klar, aufgrund der Lage spielt Fisch auf dem Speiseplan eine traditionell gro\u00dfe Rolle. Wenn Sie w\u00fcnschen, w\u00e4hlen wir ein Fischgericht. Aber nat\u00fcrlich ist das gemeinsame Zubereiten eines urtypisch kanarischen Gerichts wie Kaninchen in Salmorejo, Runzelkartoffel (Papas arrugadas) mit seinen vielf\u00e4ltigen Mojos ein besonderes Vergn\u00fcgen.<\/p>\n<p class=\"p1\" style=\"text-align: justify;\"><div class=\"separator  transparent center  \" style=\"margin-top: 8px;\"><\/div>\n<p class=\"p1\" style=\"text-align: justify;\">Auf jeden Fall tauchen wir tief in die kanarische K\u00fcche\u00a0ein, seien Sie gespannt. Lassen Sie sich einfach verw\u00f6hnen mit dem Besten, was die kanarische K\u00fcche zu bieten hat.<\/p>\n<p class=\"p1\" style=\"text-align: justify;\"><div class=\"separator  transparent center  \" style=\"margin-top: 8px;\"><\/div>\n<p class=\"p1\" style=\"text-align: justify;\">Und so k\u00f6nnte ein typisch kanarisches Fisch-Gericht aus der Gourmetk\u00fcche aussehen: <i>Edles Medregalfilet confiert bei Niedrigtemperatur in Virgen-Extra-Oliven\u00f6l, auf Korinder-S\u00fcsskartoffelp\u00fcree in Maisinfusion.<\/i><\/p>\n<p class=\"p1\" style=\"text-align: justify;\"><div class=\"separator  transparent center  \" style=\"margin-top: 8px;\"><\/div>\n\n\t\t<\/div> \n\t<\/div> <div class=\"separator  transparent center  \" style=\"margin-top: 26px;margin-bottom: 0px;\"><\/div>\n\n\t\t<\/div> \n\t<\/div> \n\n\t<div class=\"vc_col-sm-5 wpb_column vc_column_container  vc_custom_1447764248501\">\n\t\t<div class=\"wpb_wrapper\">\n\t\t\t\n\t<div class=\"wpb_gallery wpb_content_element clearfix\">\n\t\t<div class=\"wpb_wrapper\"><div class=\"wpb_gallery_slides wpb_flexslider flexslider_fade flexslider\" data-interval=\"3\" data-flex_fx=\"fade\"><ul class=\"slides\"><li><a class=\"prettyphoto\" href=\"http:\/\/lapalmacookery.com\/wp-content\/uploads\/2015\/11\/lapalmacookery-platocosmopolita-1024x745.jpg\" rel=\"prettyPhoto[rel-1791535874]\"><img width=\"1100\" height=\"800\" src=\"http:\/\/lapalmacookery.com\/wp-content\/uploads\/2015\/11\/lapalmacookery-platocosmopolita.jpg\" class=\"attachment-full\" alt=\"\" loading=\"lazy\" srcset=\"http:\/\/lapalmacookery.com\/wp-content\/uploads\/2015\/11\/lapalmacookery-platocosmopolita.jpg 1100w, http:\/\/lapalmacookery.com\/wp-content\/uploads\/2015\/11\/lapalmacookery-platocosmopolita-300x218.jpg 300w, http:\/\/lapalmacookery.com\/wp-content\/uploads\/2015\/11\/lapalmacookery-platocosmopolita-1024x745.jpg 1024w, http:\/\/lapalmacookery.com\/wp-content\/uploads\/2015\/11\/lapalmacookery-platocosmopolita-700x509.jpg 700w\" sizes=\"(max-width: 1100px) 100vw, 1100px\" \/><\/a><\/li><\/ul><\/div>\n\t\t<\/div> \n\t<\/div> \n\t<div class=\"wpb_text_column wpb_content_element \">\n\t\t<div class=\"wpb_wrapper\">\n\t\t\t<h3 class=\"p1\" style=\"text-align: center;\">Die spanische K\u00fcche &#8211; liegt vor der Haust\u00fcr<\/h3>\n<div class=\"separator  transparent center  \" style=\"margin-top: 15px;\"><\/div>\n\n<p class=\"p1\" style=\"text-align: justify;\">Tapas &#8211; das sind die typischen kleinen Appetith\u00e4ppchen, die in Tapas-Bars und Bodegas serviert werden und die jeder kennt, der schon mal in Spanien war. Die Bandbreite ist riesig, denn jede Bar hat ihre eigenen Tapas. Und diese beeindruckende Vielfalt macht den Reiz der Tapas aus.<\/p>\n<p class=\"p1\" style=\"text-align: justify;\"><div class=\"separator  transparent center  \" style=\"margin-top: 8px;\"><\/div>\n<p class=\"p1\" style=\"text-align: justify;\">Klar, aufgrund der Lage am Meer spielt Fisch eine gro\u00dfe Rolle in der traditionellen spanischen K\u00fcche. Auch die spanische Tortilla (Omelett mit Kartoffeln) k\u00f6nnte f\u00fcr ein Kochevent als eine erste Koch\u00fcbung interessant sein. Daneben ist der Serrano-Schinken nat\u00fcrlich etwas, das gerne in spanischen K\u00fcchen verarbeitet wird.<\/p>\n<p class=\"p1\" style=\"text-align: justify;\"><div class=\"separator  transparent center  \" style=\"margin-top: 8px;\"><\/div>\n<p class=\"p1\" style=\"text-align: justify;\">Ein Gourmet-Tapa-Gericht k\u00f6nnte so aussehen: <i>T\u00fcrmchen von lauwarmer Kartoffel, abgezogene, gebackene rote Paprika, Brunnenkresse, in Virgen-Extra-Oliven\u00f6l karamellisiertem Thunfischmedallion, in Rote-Beetefond geschmorte rote Zwiebel und dazu eine Maracuja-Mango-Vinaigrette.<\/i><\/p>\n<p class=\"p1\" style=\"text-align: justify;\"><div class=\"separator  transparent center  \" style=\"margin-top: 8px;\"><\/div>\n\n\t\t<\/div> \n\t<\/div> <div class=\"separator  transparent center  \" style=\"margin-top: 26px;margin-bottom: 0px;\"><\/div>\n\n\t\t<\/div> \n\t<\/div> \n<\/div><\/div><div class=\"vc_empty_space\"  style=\"height: 12px\" ><span class=\"vc_empty_space_inner\"><\/span><\/div>\n\n<div    class=\"vc_row wpb_row section vc_inner vc_row-fluid\" style=' text-align:left;'><div class=\" full_section_inner clearfix\">\n\t<div class=\"vc_col-sm-5 wpb_column vc_column_container  vc_custom_1447764266467\">\n\t\t<div class=\"wpb_wrapper\">\n\t\t\t\n\t<div class=\"wpb_gallery wpb_content_element clearfix\">\n\t\t<div class=\"wpb_wrapper\"><div class=\"wpb_gallery_slides wpb_flexslider flexslider_fade flexslider\" data-interval=\"3\" data-flex_fx=\"fade\"><ul class=\"slides\"><li><a class=\"prettyphoto\" href=\"http:\/\/lapalmacookery.com\/wp-content\/uploads\/2015\/11\/cocinaVegetaria-1024x745.jpg\" rel=\"prettyPhoto[rel-1663559011]\"><img width=\"1100\" height=\"800\" src=\"http:\/\/lapalmacookery.com\/wp-content\/uploads\/2015\/11\/cocinaVegetaria.jpg\" class=\"attachment-full\" alt=\"\" loading=\"lazy\" srcset=\"http:\/\/lapalmacookery.com\/wp-content\/uploads\/2015\/11\/cocinaVegetaria.jpg 1100w, http:\/\/lapalmacookery.com\/wp-content\/uploads\/2015\/11\/cocinaVegetaria-300x218.jpg 300w, http:\/\/lapalmacookery.com\/wp-content\/uploads\/2015\/11\/cocinaVegetaria-1024x745.jpg 1024w, http:\/\/lapalmacookery.com\/wp-content\/uploads\/2015\/11\/cocinaVegetaria-700x509.jpg 700w\" sizes=\"(max-width: 1100px) 100vw, 1100px\" \/><\/a><\/li><\/ul><\/div>\n\t\t<\/div> \n\t<\/div> \n\t<div class=\"wpb_text_column wpb_content_element \">\n\t\t<div class=\"wpb_wrapper\">\n\t\t\t<h3 class=\"p1\" style=\"text-align: center;\">Die vegetarische K\u00fcche &#8211; wird immer mehr zum Trend<\/h3>\n<p class=\"p1\" style=\"text-align: justify;\"><div class=\"separator  transparent center  \" style=\"margin-top: 15px;\"><\/div>\n<p class=\"p1\" style=\"text-align: justify;\">Vegetarisch zu kochen ist l\u00e4ngst mehr als nur ein Trend &#8211; es ist eine Glaubensphilosophie. Egal ob es gesundheitliche Gr\u00fcnde oder andere Gr\u00fcnde<span class=\"Apple-converted-space\">\u00a0 <\/span>sind, vegetarisch zu kochen erfordert neues Wissen beim Kochen. Das werden Sie lernen, wenn wir zusammen einen vegetarischen Kochabend veranstalten. \u00dcbrigens, obwohl das Fleisch fehlt, hat die vegetarische Koche doch eine enorme Vielfalt, die sie so spannend macht. Sie werden erleben und staunen, wie viele M\u00f6glichkeiten Sie ohne Fleisch haben.<\/p>\n<p class=\"p1\" style=\"text-align: justify;\"><div class=\"separator  transparent center  \" style=\"margin-top: 8px;\"><\/div>\n<p class=\"p1\" style=\"text-align: left;\">Das ist eines der vielen Gourmet-Gerichte, die wir kochen k\u00f6nnen: <i>Selbstgemachte Ravioli, gef\u00fcllt mit Pfifferlingen von der Insel, N\u00fcssen<\/i><span class=\"s1\"><i>\u00a0<\/i><\/span><i>und wohl schmeckende S\u00fc\u00dfkartoffeln, das ganze sautiert in <\/i><span class=\"s1\"><i>Salbeigew\u00fcrzbutter.<\/i><\/span><\/p>\n<p class=\"p1\" style=\"text-align: justify;\"><div class=\"separator  transparent center  \" style=\"margin-top: 8px;\"><\/div>\n<p class=\"p1\" style=\"text-align: justify;\">Sie werden staunen, wie wunderbar k\u00f6stlich solch ein vegetarisches Gericht sein kann.<\/p>\n<p class=\"p1\" style=\"text-align: justify;\"><div class=\"separator  transparent center  \" style=\"margin-top: 8px;\"><\/div>\n\n\t\t<\/div> \n\t<\/div> <div class=\"separator  transparent center  \" style=\"margin-top: 26px;margin-bottom: 0px;\"><\/div>\n\n\t\t<\/div> \n\t<\/div> \n\n\t<div class=\"vc_col-sm-5 wpb_column vc_column_container  vc_custom_1447764258427\">\n\t\t<div class=\"wpb_wrapper\">\n\t\t\t\n\t<div class=\"wpb_gallery wpb_content_element clearfix\">\n\t\t<div class=\"wpb_wrapper\"><div class=\"wpb_gallery_slides wpb_flexslider flexslider_fade flexslider\" data-interval=\"3\" data-flex_fx=\"fade\"><ul class=\"slides\"><li><a class=\"prettyphoto\" href=\"http:\/\/lapalmacookery.com\/wp-content\/uploads\/2015\/11\/plato-lapalmacookery-1024x745.jpg\" rel=\"prettyPhoto[rel-1270170665]\"><img width=\"1100\" height=\"800\" src=\"http:\/\/lapalmacookery.com\/wp-content\/uploads\/2015\/11\/plato-lapalmacookery.jpg\" class=\"attachment-full\" alt=\"\" loading=\"lazy\" srcset=\"http:\/\/lapalmacookery.com\/wp-content\/uploads\/2015\/11\/plato-lapalmacookery.jpg 1100w, http:\/\/lapalmacookery.com\/wp-content\/uploads\/2015\/11\/plato-lapalmacookery-300x218.jpg 300w, http:\/\/lapalmacookery.com\/wp-content\/uploads\/2015\/11\/plato-lapalmacookery-1024x745.jpg 1024w, http:\/\/lapalmacookery.com\/wp-content\/uploads\/2015\/11\/plato-lapalmacookery-700x509.jpg 700w\" sizes=\"(max-width: 1100px) 100vw, 1100px\" \/><\/a><\/li><\/ul><\/div>\n\t\t<\/div> \n\t<\/div> \n\t<div class=\"wpb_text_column wpb_content_element \">\n\t\t<div class=\"wpb_wrapper\">\n\t\t\t<h3 class=\"p1\" style=\"text-align: center;\">Die kosmopolitische K\u00fcche &#8211; die ganze Vielfalt erleben<\/h3>\n<p class=\"p1\" style=\"text-align: justify;\"><div class=\"separator  transparent center  \" style=\"margin-top: 15px;\"><\/div>\n<p class=\"p1\" style=\"text-align: justify;\">Im Zeitalter der Globalisierung schauen wir l\u00e4ngst \u00fcber die Grenzen, das gilt auch f\u00fcr die kulinarische Seite. Und schlie\u00dflich macht das den besonderen Reiz aus, fremde Gerichte zu kosten. Besser noch: wenn Sie diese Gerichte selbst kochen und staunen, wie Sie mit der richtigen Anleitung exotische Gerichte kochen k\u00f6nnen und Sie Ihren Freunden davon vorschw\u00e4rmen k\u00f6nnen. Sp\u00fcren Sie die Zufriedenheit und den Stolz, wenn Sie nach getaner Arbeit mit Ihren Freunden das gerade Gekochte genie\u00dfen &#8211; mit einem leckeren Insel-Wein als Zugabe. Da wird selbst die franz\u00f6sische K\u00fcche neidisch. Das ist vielleicht genau der Reiz, etwas zu kochen, was mit der einheimischen K\u00fcche gar nichts zu tun hat. Etwas, was Ihre G\u00e4ste vielleicht noch nie gegessen haben. Und w\u00e4hrend wir es gemeinsam zubereiten, lernen Sie die Faszination eines &#8220;fremden&#8221; Gerichtes.<\/p>\n<p class=\"p1\" style=\"text-align: justify;\"><div class=\"separator  transparent center  \" style=\"margin-top: 8px;\"><\/div>\n<p class=\"p1\" style=\"text-align: justify;\">Ein m\u00f6gliches Gericht k\u00f6nnte sein: <i>Ein zartes karamellisiertes Lammfilet an Curry-Rosmarin-Palmenhonigsauce mit in Filoteig geh\u00fclltes Cous-cous und K\u00fcrbisspiesschen.<\/i><\/p>\n<p class=\"p1\" style=\"text-align: justify;\"><div class=\"separator  transparent center  \" style=\"margin-top: 8px;\"><\/div>\n<p class=\"p1\" style=\"text-align: justify;\">\n\n\t\t<\/div> \n\t<\/div> <div class=\"separator  transparent center  \" style=\"margin-top: 26px;margin-bottom: 0px;\"><\/div>\n\n\t\t<\/div> \n\t<\/div> \n<\/div><\/div>\n\t\t<\/div> \n\t<\/div> \n<\/div><\/div><\/div><div    class=\"vc_row wpb_row section vc_row-fluid vc_custom_1441202115661\" style=' padding-top:0px; padding-bottom:0px; text-align:left;'><div class=\" full_section_inner clearfix\">\n\t<div class=\"vc_col-sm-12 wpb_column vc_column_container \">\n\t\t<div class=\"wpb_wrapper\">\n\t\t\t<div class=\"call_to_action normal\" style=\"background-color: #ae9962;padding-top: 47px;padding-bottom: 50px;\"><div class=\"container_inner\"><div class=\"two_columns_75_25 clearfix\"><div class=\"text_wrapper column1\"><div class=\"call_to_action_text\" style=\"font-weight: 600;\"><\/p>\n<h4><strong><span style=\"color: #ffffff;\">Sie bevorzugen einen Mix verschiedener K\u00fcchen. Auch das ist machbar. Lassen Sie uns dar\u00fcber reden. So erreichen Sie mich unter Tel.: +34 678 475 716<\/span><\/strong><\/h4>\n<p><\/div><\/div><div class=\"button_wrapper column2\"><a href=\"kontakt\" class=\"qbutton white \" target=\"\" style=\"color: #000000;border-color: #ffffff;background-color: #ffffff;\"data-hover-background-color=#f9f9f9 data-hover-border-color=#f9f9f9 data-hover-color=#000000>Kontakt<\/a><\/div><\/div><\/div><\/div>\n\t\t<\/div> \n\t<\/div> \n<\/div><\/div>\n","protected":false},"excerpt":{"rendered":"Sie haben die Wahl - welche K\u00fcche bevorzugen Sie? Warum Sie als Gastgeber w\u00e4hlen d\u00fcrfen Das ist nat\u00fcrlich klar, als Gastgeber bestimmen Sie, welches Gericht gekocht wird. Oder welche K\u00fcche - die spanische, kanarische, vegetarische oder kosmopolitanische K\u00fcche gekocht wird. Am besten gebe ich Ihnen...","protected":false},"author":1,"featured_media":0,"parent":0,"menu_order":0,"comment_status":"closed","ping_status":"closed","template":"full_width.php","meta":[],"_links":{"self":[{"href":"http:\/\/lapalmacookery.com\/de\/wp-json\/wp\/v2\/pages\/17375"}],"collection":[{"href":"http:\/\/lapalmacookery.com\/de\/wp-json\/wp\/v2\/pages"}],"about":[{"href":"http:\/\/lapalmacookery.com\/de\/wp-json\/wp\/v2\/types\/page"}],"author":[{"embeddable":true,"href":"http:\/\/lapalmacookery.com\/de\/wp-json\/wp\/v2\/users\/1"}],"replies":[{"embeddable":true,"href":"http:\/\/lapalmacookery.com\/de\/wp-json\/wp\/v2\/comments?post=17375"}],"version-history":[{"count":8,"href":"http:\/\/lapalmacookery.com\/de\/wp-json\/wp\/v2\/pages\/17375\/revisions"}],"predecessor-version":[{"id":17542,"href":"http:\/\/lapalmacookery.com\/de\/wp-json\/wp\/v2\/pages\/17375\/revisions\/17542"}],"wp:attachment":[{"href":"http:\/\/lapalmacookery.com\/de\/wp-json\/wp\/v2\/media?parent=17375"}],"curies":[{"name":"wp","href":"https:\/\/api.w.org\/{rel}","templated":true}]}}