{"id":17372,"date":"2015-11-20T16:30:47","date_gmt":"2015-11-20T16:30:47","guid":{"rendered":"http:\/\/lapalmacookery.com\/?page_id=17372"},"modified":"2015-11-27T12:01:34","modified_gmt":"2015-11-27T12:01:34","slug":"seite-kategorien","status":"publish","type":"page","link":"http:\/\/lapalmacookery.com\/de\/seite-kategorien\/","title":{"rendered":"Service"},"content":{"rendered":"<section  data-q_id=\"#portfolio\"  data-q_title=\"Portfolio List\"  data-q_icon=\"fa-list\" data-speed=\"1\" class=\"parallax_section_holder  \" style = \" height:390px; background-image:url('');\"><div class=\"parallax_content left\"><div class='parallax_section_inner_margin clearfix'>\n\t<div class=\"vc_col-sm-12 wpb_column vc_column_container \">\n\t\t<div class=\"wpb_wrapper\">\n\t\t\t<div class=\"separator  transparent center  \" style=\"margin-top: 108px;margin-bottom: 0px;\"><\/div>\n\n\t<div class=\"wpb_text_column wpb_content_element \">\n\t\t<div class=\"wpb_wrapper\">\n\t\t\t<h2 class=\"p1\" style=\"text-align: center;\"><strong>Was ist Ihnen lieber \u2013 All inklusive oder selbst Hand anlegen? <\/strong><\/h2>\n\n\t\t<\/div> \n\t<\/div> <div class=\"separator  transparent center  \" style=\"margin-top: 6px;margin-bottom: 23px;\"><\/div>\n\n\t<div class=\"wpb_text_column wpb_content_element \">\n\t\t<div class=\"wpb_wrapper\">\n\t\t\t<p class=\"p1\" style=\"text-align: center;\">\u00dcber eines sind wir uns einig: Sie haben den einzigen Sternekoch, der zu Ihren nach Hause kommt, engagiert. Jetzt stellt sich die Frage, welches Leistungspaket Sie buchen &#8211; All inklusiv oder Standard-Version?<\/p>\n<p class=\"p1\" style=\"text-align: justify;\"><div class=\"separator  transparent center  \" style=\"margin-top: 8px;\"><\/div>\n<p>Weil Sie der Gastgeber sind, entscheiden Sie nat\u00fcrlich, ob Sie das Kochevent mit vorbereiten oder es vorziehen, dass Ihr Gourmetkoch f\u00fcr Sie und Ihre G\u00e4ste kocht. Deshalb haben Sie vier M\u00f6glichkeiten, aus denen Sie w\u00e4hlen k\u00f6nnen. Lassen Sie mich erkl\u00e4ren, welche 4 Varianten m\u00f6glich sind.<\/p>\n\n\t\t<\/div> \n\t<\/div> \n\t\t<\/div> \n\t<\/div> \n<\/div><\/div><\/section><div    class=\"vc_row wpb_row section vc_row-fluid grid_section\" style='background-color:#f8f8f8; padding-top:35px; padding-bottom:40px; text-align:left;'><div class=\" section_inner clearfix\"><div class='section_inner_margin clearfix'>\n\t<div class=\"vc_col-sm-12 wpb_column vc_column_container \">\n\t\t<div class=\"wpb_wrapper\">\n\t\t\t<div class=\"separator  small center  \" style=\"margin-top: 20px;margin-bottom: 20px;\"><\/div>\n\n\t<div class=\"wpb_text_column wpb_content_element \">\n\t\t<div class=\"wpb_wrapper\">\n\t\t\t<h4 style=\"text-align: center;\"><strong>SERVICEPAKETE <\/strong><\/h4>\n\n\t\t<\/div> \n\t<\/div> <div class=\"separator  small center  \" style=\"margin-top: 20px;margin-bottom: 88px;\"><\/div>\n<div    class=\"vc_row wpb_row section vc_inner vc_row-fluid\" style=' text-align:left;'><div class=\" full_section_inner clearfix\">\n\t<div class=\"vc_col-sm-6 wpb_column vc_column_container  vc_custom_1447691521787\">\n\t\t<div class=\"wpb_wrapper\">\n\t\t\t<div class='service_table_holder'><ul class='service_table_inner'><li class='service_table_title_holder background_color_type' style=''><div class='service_table_title_inner'><div class='service_table_title_inner2'><h2 class='service_title' style=''>Super Luxus-Experience<\/h2><i class='fa fa-star fa-3x' style=''><\/i><\/div><\/div><\/li><li class='service_table_content' style=''><\/p>\n<p class=\"p1\" style=\"text-align: justify;\">Das ist die Ferrari-Version, weil ich alles mitbringe: Das Geschirr und Besteck samt der Tisch-Dekoration. Sowohl die Zutaten f\u00fcr das Essen bringe ich mit als auch<span class=\"Apple-converted-space\">\u00a0 <\/span>die Getr\u00e4nke und bereite f\u00fcr sie die Speisen zu, gerne auch mit den G\u00e4sten zusammen.<\/p>\n<p class=\"p1\" style=\"text-align: justify;\"><div class=\"separator  transparent center  \" style=\"margin-top: 8px;\"><\/div>\n<p class=\"p1\" style=\"text-align: justify;\">Damit der Abend unvergesslich wird, geh\u00f6rt ein Workshop mit Luxusg\u00fctern zum Leistungsumfang. Ich zeige Ihnen, wie man etwas Leckeres mit z.B. Kaviar, Fois gras oder Hummer zubereitet, um es dann mit Champagne zu verk\u00f6stigen.<\/p>\n<p class=\"p1\" style=\"text-align: justify;\"><div class=\"separator  transparent center  \" style=\"margin-top: 8px;\"><\/div>\n<p class=\"p1\" style=\"text-align: justify;\">Das Besondere: Sie sind live dabei und legen selbst Hand an. So praktisch und lebensnah waren Sie noch nie dabei!<\/p>\n<p class=\"p1\" style=\"text-align: justify;\"><div class=\"separator  transparent center  \" style=\"margin-top: 15px;\"><\/div>\n<h5 class=\"p1\">DAS SIND DIE ZUTATEN IN DIESEM LEISTUNGSPAKET:<\/h5>\n<ul class=\"ul1\">\n<li class=\"li1\" style=\"text-align: justify;\">Dekorierung des Tisches<\/li>\n<li class=\"li1\" style=\"text-align: justify;\">Geschirr und Besteck<\/li>\n<li class=\"li1\" style=\"text-align: justify;\">Getr\u00e4nke, d.h. Champagner, die zu den Speisen passende exclusive Weine, Wasser, Bier, Espresso, Digestif<\/li>\n<li class=\"li1\" style=\"text-align: justify;\">Leckeres Luxus 4-Gang Men\u00fc<\/li>\n<li class=\"li1\" style=\"text-align: justify;\">Koch-Workshop von Luxusg\u00fctern z.B. Kaviar, Foie gras oder Hummer etc. mit Tips &amp; Tricks und dazu entsprechende Rezepte<\/li>\n<li class=\"li1\" style=\"text-align: justify;\">Alle notwendige Kochutensilien und Kochsch\u00fcrzen werden gestellt<\/li>\n<li class=\"li1\" style=\"text-align: justify;\">Von mir mitgebrachten Marktfrischen Luxusg\u00fcter und Zutaten zur Zubereitung der Speisen<\/li>\n<li class=\"li1\" style=\"text-align: justify;\">Selbstverst\u00e4ndlich brauchen sie sich um den Abwasch keine Sorgen machen, da ich die K\u00fcche, so wie ich sie vorgefunden habe, verlasse<\/li>\n<li class=\"li1\" style=\"text-align: justify;\">Somit haben sie Zeit und k\u00f6nnen sich in Ruhe um Ihre G\u00e4ste k\u00fcmmern<\/li>\n<\/ul>\n<p><\/li><\/ul><\/div><div class=\"separator  transparent center  \" style=\"margin-top: 26px;margin-bottom: 0px;\"><\/div>\n\n\t\t<\/div> \n\t<\/div> \n\n\t<div class=\"vc_col-sm-6 wpb_column vc_column_container \">\n\t\t<div class=\"wpb_wrapper\">\n\t\t\t<div class='service_table_holder'><ul class='service_table_inner'><li class='service_table_title_holder background_color_type' style=''><div class='service_table_title_inner'><div class='service_table_title_inner2'><h2 class='service_title' style=''>Dream-Experience<\/h2><i class='fa fa-star-half-o fa-3x' style=''><\/i><\/div><\/div><\/li><li class='service_table_content' style=''><\/p>\n<p class=\"p1\" style=\"text-align: justify;\">Das ist die Porsche-Version, allerdings mit reduzierter Leistung. Bis auf den Workshop mit Luxusg\u00fctern entspricht diese Version der Super-Luxus-Version, ist aber deutlich g\u00fcnstiger f\u00fcr Sie. Aber ansonsten haben Sie das volle Programm. Sie brauchen sich um gar nichts zu k\u00fcmmern, au\u00dfer nat\u00fcrlich die G\u00e4ste einladen und sie verw\u00f6hnen. Den Rest erledige ich komplett.<\/p>\n<p class=\"p1\" style=\"text-align: justify;\"><div class=\"separator  transparent center  \" style=\"margin-top: 15px;\"><\/div>\n<h5 class=\"p1\">DAS SIND DIE ZUTATEN IN DIESEM LEISTUNGSPAKET:<\/h5>\n<ul class=\"ul1\">\n<li class=\"li1\" style=\"text-align: justify;\">Dekorierung des Tisches<\/li>\n<li class=\"li1\" style=\"text-align: justify;\">Geschirr und Besteck<\/li>\n<li class=\"li1\" style=\"text-align: justify;\">Getr\u00e4nke, d.h. Ap\u00e9ritif, die zu den Speisen passenden Insel-Weine, Wasser, Bier, Espresso, Digestif<\/li>\n<li class=\"li1\" style=\"text-align: justify;\">Leckeres exklusives 4-Gang Men\u00fc<\/li>\n<li class=\"li1\" style=\"text-align: justify;\">Koch-Workshop mit Marktfrischen Lebensmitteln dazu Tips &amp; Tricks und entsprechende Rezepte<\/li>\n<li class=\"li1\" style=\"text-align: justify;\">Alle notwendige Kochutensilien und Kochsch\u00fcrzen werden gestellt<\/li>\n<li class=\"li1\" style=\"text-align: justify;\">Von mir mitgebrachten Marktfrischen Lebensmittel und Zutaten zur Zubereitung der Speisen<\/li>\n<li class=\"li1\" style=\"text-align: justify;\">Selbstverst\u00e4ndlich brauchen sie sich um den Abwasch keine Sorgen machen, da ich die K\u00fcche, so wie ich sie vorgefunden habe, verlasse<\/li>\n<li class=\"li1\" style=\"text-align: justify;\">Somit haben sie Zeit und k\u00f6nnen sich in Ruhe um Ihre G\u00e4ste k\u00fcmmern<\/li>\n<\/ul>\n<p><\/li><\/ul><\/div><div class=\"separator  transparent center  \" style=\"margin-top: 26px;margin-bottom: 0px;\"><\/div>\n\n\t\t<\/div> \n\t<\/div> \n<\/div><\/div><div class=\"vc_empty_space\"  style=\"height: 32px\" ><span class=\"vc_empty_space_inner\"><\/span><\/div>\n\n<div    class=\"vc_row wpb_row section vc_inner vc_row-fluid\" style=' text-align:left;'><div class=\" full_section_inner clearfix\">\n\t<div class=\"vc_col-sm-6 wpb_column vc_column_container  vc_custom_1447691521787\">\n\t\t<div class=\"wpb_wrapper\">\n\t\t\t<div class='service_table_holder'><ul class='service_table_inner'><li class='service_table_title_holder background_color_type' style=''><div class='service_table_title_inner'><div class='service_table_title_inner2'><h2 class='service_title' style=''>F&amp;B-Experience<\/h2><i class='fa fa-magic fa-3x' style=''><\/i><\/div><\/div><\/li><li class='service_table_content' style=''><\/p>\n<p class=\"p1\" style=\"text-align: justify;\">Diese Variante ist wie ein guter Mittelklassewagen. Alles, was Sie zu einem gelungenen, unvergesslichen Abend beisteuern ist die Dekoration und <span class=\"s1\">Geschirr und Besteck<\/span>. Weil es Ihre eigene Entscheidung ist, k\u00f6nnen Sie sich hier so richtig austoben und der Dekoration eine unvergessliche Note geben. Alles andere erledige ich.<\/p>\n<p class=\"p1\" style=\"text-align: justify;\"><div class=\"separator  transparent center  \" style=\"margin-top: 15px;\"><\/div>\n<h5 class=\"p1\">DAS SIND DIE ZUTATEN IN DIESEM LEISTUNGSPAKET:<\/h5>\n<ul class=\"ul1\">\n<li class=\"li1\" style=\"text-align: justify;\">Getr\u00e4nke, d.h. Ap\u00e9ritif, die zu den Speisen passenden Insel-Weine, Wasser, Bier, Espresso, Digestif<\/li>\n<li class=\"li1\" style=\"text-align: justify;\">Leckeres exklusives 4-Gang Men\u00fc<\/li>\n<li class=\"li1\" style=\"text-align: justify;\">Koch-Workshop mit Marktfrischen Lebensmitteln dazu Tips &amp; Tricks und entsprechende Rezepte<\/li>\n<li class=\"li1\" style=\"text-align: justify;\">Alle notwendige Kochutensilien und Kochsch\u00fcrzen werden gestellt<\/li>\n<li class=\"li1\" style=\"text-align: justify;\">Von mir mitgebrachten Marktfrischen Lebensmittel und Zutaten zur Zubereitung der Speisen<\/li>\n<li class=\"li1\" style=\"text-align: justify;\">Selbstverst\u00e4ndlich brauchen sie sich um den Abwasch keine Sorgen machen, da ich die K\u00fcche, so wie ich sie vorgefunden habe, verlasse<\/li>\n<li class=\"li1\" style=\"text-align: justify;\">Somit haben sie Zeit und k\u00f6nnen sich in Ruhe um Ihre G\u00e4ste k\u00fcmmern<\/li>\n<\/ul>\n<p><\/li><\/ul><\/div><div class=\"separator  transparent center  \" style=\"margin-top: 26px;margin-bottom: 0px;\"><\/div>\n\n\t\t<\/div> \n\t<\/div> \n\n\t<div class=\"vc_col-sm-6 wpb_column vc_column_container \">\n\t\t<div class=\"wpb_wrapper\">\n\t\t\t<div class='service_table_holder'><ul class='service_table_inner'><li class='service_table_title_holder background_color_type' style=''><div class='service_table_title_inner'><div class='service_table_title_inner2'><h2 class='service_title' style=''>Fun-Experience<\/h2><i class='fa fa-rocket fa-3x' style=''><\/i><\/div><\/div><\/li><li class='service_table_content' style=''><\/p>\n<p class=\"p1\" style=\"text-align: justify;\">Zugegeben, mit dieser Variante haben Sie die meiste Arbeit, aber Sie sind mittendrin. Denn Sie sorgen f\u00fcr die Dekoration bzw. Geschirr samt Besteck und k\u00fcmmern sich um die Getr\u00e4nke. Ich bringe daf\u00fcr die Marktfrische Produkte mit und f\u00fchre einen kurzweiligen und \u00e4u\u00dferst spannenden Koch-Workshop durch.<\/p>\n<p class=\"p1\" style=\"text-align: justify;\"><div class=\"separator  transparent center  \" style=\"margin-top: 15px;\"><\/div>\n<h5 class=\"p1\">DAS SIND DIE ZUTATEN IN DIESEM LEISTUNGSPAKET:<\/h5>\n<ul class=\"ul1\">\n<li class=\"li1\" style=\"text-align: justify;\">Leckers exklusives 4-Gang Men\u00fc<\/li>\n<li class=\"li1\" style=\"text-align: justify;\">Koch-Workshop mit Marktfrischen Lebensmitteln dazu Tips &amp; Tricks und entsprechende Rezepte<\/li>\n<li class=\"li1\" style=\"text-align: justify;\">Alle notwendige Kochutensilien und Kochsch\u00fcrzen werden gestellt<\/li>\n<li class=\"li1\" style=\"text-align: justify;\">Von mir mitgebrachten Marktfrischen Lebensmittel und Zutaten zur Zubereitung der Speisen<\/li>\n<li class=\"li1\" style=\"text-align: justify;\">Selbstverst\u00e4ndlich brauchen sie sich um den Abwasch keine Sorgen machen, da ich die K\u00fcche, so wie ich sie vorgefunden habe, verlasse<\/li>\n<li class=\"li1\" style=\"text-align: justify;\">Somit haben sie Zeit und k\u00f6nnen sich in Ruhe um Ihre G\u00e4ste k\u00fcmmern<\/li>\n<\/ul>\n<p><\/li><\/ul><\/div><div class=\"separator  transparent center  \" style=\"margin-top: 26px;margin-bottom: 0px;\"><\/div>\n\n\t\t<\/div> \n\t<\/div> \n<\/div><\/div><div class=\"vc_empty_space\"  style=\"height: 32px\" ><span class=\"vc_empty_space_inner\"><\/span><\/div>\n\n\n\t<div class=\"wpb_text_column wpb_content_element \">\n\t\t<div class=\"wpb_wrapper\">\n\t\t\t<h4 class=\"p1\">Dar\u00fcber hinaus gibt es auch nat\u00fcrlich eine Option f\u00fcr die Kids<\/h4>\n\n\t\t<\/div> \n\t<\/div> <div class=\"vc_empty_space\"  style=\"height: 32px\" ><span class=\"vc_empty_space_inner\"><\/span><\/div>\n\n<div    class=\"vc_row wpb_row section vc_inner vc_row-fluid\" style=' text-align:left;'><div class=\" full_section_inner clearfix\">\n\t<div class=\"vc_col-sm-6 wpb_column vc_column_container  vc_custom_1447691521787\">\n\t\t<div class=\"wpb_wrapper\">\n\t\t\t<div class='service_table_holder'><ul class='service_table_inner'><li class='service_table_title_holder background_color_type' style=''><div class='service_table_title_inner'><div class='service_table_title_inner2'><h2 class='service_title' style=''>New Generation-Experience<\/h2><i class='fa fa-smile-o fa-3x' style=''><\/i><\/div><\/div><\/li><li class='service_table_content' style=''><\/p>\n<p class=\"p1\">Auch die Kinder sollen nicht zu kurz kommen, schlie\u00dflich habe ich ja schon mit 9 Jahren die ersten handfesten Erfahrungen als Koch gemacht. Hier bringe ich die Getr\u00e4nke und Speisen mit und f\u00fchre spielerisch die Kinder in die wunderbare Welt des Kochens.<\/p>\n<p class=\"p1\" style=\"text-align: justify;\"><div class=\"separator  transparent center  \" style=\"margin-top: 15px;\"><\/div>\n<h5 class=\"p1\">DAS SIND DIE ZUTATEN IN DIESEM LEISTUNGSPAKET:<\/h5>\n<ul class=\"ul1\">\n<li class=\"li1\">Kunststoff Geschirr und Besteck<\/li>\n<li class=\"li1\">Alkoholfreie Getr\u00e4nke<\/li>\n<li class=\"li1\">Leckers f\u00fcr Kinder abgestimmtes 3-Gang Men\u00fc<\/li>\n<li class=\"li1\">Lustiger Kinder-Koch-Workshop<\/li>\n<li class=\"li1\">Alle notwendige Kochutensilien und Kochsch\u00fcrzen werden gestellt<\/li>\n<li class=\"li1\">Von mir mitgebrachten Marktfrischen Lebensmittel und Zutaten zur\u00a0Zubereitung der Speisen<\/li>\n<li class=\"li1\">Nat\u00fcrlich brauchen sie sich nicht um die K\u00fcche k\u00fcmmern, weil ich so\u00a0verlasse, wie sie aufgefunden habe. Daher haben die Eltern Zeit, um den\u00a0Verlauf des Workshops zu beobachten<\/li>\n<\/ul>\n<p><\/li><\/ul><\/div><div class=\"separator  transparent center  \" style=\"margin-top: 26px;margin-bottom: 0px;\"><\/div>\n\n\t\t<\/div> \n\t<\/div> \n\n\t<div class=\"vc_col-sm-6 wpb_column vc_column_container \">\n\t\t<div class=\"wpb_wrapper\">\n\t\t\t\n\t<div class=\"wpb_text_column wpb_content_element \">\n\t\t<div class=\"wpb_wrapper\">\n\t\t\t<h3 class=\"p1\" style=\"text-align: justify;\">Hat ihr Kind schon gew\u00e4hlt, wann es bei der n\u00e4chsten Kochparty Spass haben m\u00f6chte. Hier finden Sie eine Auswahl.<\/h3>\n<div class=\"separator  transparent center  \" style=\"margin-top: 15px;\"><\/div>\n\n<p class=\"p1\" style=\"text-align: justify;\"><a href=\"#\" target=\"_self\"  class=\"qbutton  medium\" style=\"margin: 10; \">DIE K\u00dcCHE IHRER WAHL<\/a><\/p>\n\n\t\t<\/div> \n\t<\/div> \n\t\t<\/div> \n\t<\/div> \n<\/div><\/div>\n\t\t<\/div> \n\t<\/div> \n<\/div><\/div><\/div><div    class=\"vc_row wpb_row section vc_row-fluid vc_custom_1441202115661\" style=' padding-top:0px; padding-bottom:0px; text-align:left;'><div class=\" full_section_inner clearfix\">\n\t<div class=\"vc_col-sm-12 wpb_column vc_column_container \">\n\t\t<div class=\"wpb_wrapper\">\n\t\t\t<div class=\"call_to_action normal\" style=\"background-color: #ae9962;padding-top: 47px;padding-bottom: 50px;\"><div class=\"container_inner\"><div class=\"two_columns_75_25 clearfix\"><div class=\"text_wrapper column1\"><div class=\"call_to_action_text\" style=\"font-weight: 600;\"><\/p>\n<h4><strong><span style=\"color: #ffffff;\">Falls Sie noch Fragen haben, erreichen Sie mich unter Tel: +34 678 475 716<\/span><\/strong><\/h4>\n<p><\/div><\/div><div class=\"button_wrapper column2\"><a href=\"kontakt\" class=\"qbutton white \" target=\"\" style=\"color: #000000;border-color: #ffffff;background-color: #ffffff;\"data-hover-background-color=#f9f9f9 data-hover-border-color=#f9f9f9 data-hover-color=#000000>KONTAKT<\/a><\/div><\/div><\/div><\/div>\n\t\t<\/div> \n\t<\/div> \n<\/div><\/div>\n","protected":false},"excerpt":{"rendered":"Was ist Ihnen lieber \u2013 All inklusive oder selbst Hand anlegen? \u00dcber eines sind wir uns einig: Sie haben den einzigen Sternekoch, der zu Ihren nach Hause kommt, engagiert. Jetzt stellt sich die Frage, welches Leistungspaket Sie buchen - All inklusiv oder Standard-Version? Weil Sie...","protected":false},"author":1,"featured_media":0,"parent":0,"menu_order":0,"comment_status":"open","ping_status":"open","template":"full_width.php","meta":[],"_links":{"self":[{"href":"http:\/\/lapalmacookery.com\/de\/wp-json\/wp\/v2\/pages\/17372"}],"collection":[{"href":"http:\/\/lapalmacookery.com\/de\/wp-json\/wp\/v2\/pages"}],"about":[{"href":"http:\/\/lapalmacookery.com\/de\/wp-json\/wp\/v2\/types\/page"}],"author":[{"embeddable":true,"href":"http:\/\/lapalmacookery.com\/de\/wp-json\/wp\/v2\/users\/1"}],"replies":[{"embeddable":true,"href":"http:\/\/lapalmacookery.com\/de\/wp-json\/wp\/v2\/comments?post=17372"}],"version-history":[{"count":4,"href":"http:\/\/lapalmacookery.com\/de\/wp-json\/wp\/v2\/pages\/17372\/revisions"}],"predecessor-version":[{"id":17534,"href":"http:\/\/lapalmacookery.com\/de\/wp-json\/wp\/v2\/pages\/17372\/revisions\/17534"}],"wp:attachment":[{"href":"http:\/\/lapalmacookery.com\/de\/wp-json\/wp\/v2\/media?parent=17372"}],"curies":[{"name":"wp","href":"https:\/\/api.w.org\/{rel}","templated":true}]}}