{"id":17365,"date":"2015-11-20T16:15:15","date_gmt":"2015-11-20T16:15:15","guid":{"rendered":"http:\/\/lapalmacookery.com\/?page_id=17365"},"modified":"2015-11-27T12:01:22","modified_gmt":"2015-11-27T12:01:22","slug":"meine-geschichte","status":"publish","type":"page","link":"http:\/\/lapalmacookery.com\/de\/meine-geschichte\/","title":{"rendered":"Meine Geschichte"},"content":{"rendered":"<div    class=\"vc_row wpb_row section vc_row-fluid grid_section\" style=' text-align:left;'><div class=\" section_inner clearfix\"><div class='section_inner_margin clearfix'>\n\t<div class=\"vc_col-sm-12 wpb_column vc_column_container \">\n\t\t<div class=\"wpb_wrapper\">\n\t\t\t<div class=\"vc_empty_space\"  style=\"height: 52px\" ><span class=\"vc_empty_space_inner\"><\/span><\/div>\n\n\n\t<div class=\"wpb_text_column wpb_content_element \">\n\t\t<div class=\"wpb_wrapper\">\n\t\t\t<h2 style=\"text-align: center;\"><strong>Der Chefkoch, der sie verw\u00f6hnt bis zum geht nicht mehr!\u00a0<\/strong><\/h2>\n<h2 style=\"text-align: center;\"><strong>-bei Ihnen zuhause mit Genuss pur!\u00a0<\/strong><\/h2>\n\n\t\t<\/div> \n\t<\/div> <div class=\"vc_empty_space\"  style=\"height: 12px\" ><span class=\"vc_empty_space_inner\"><\/span><\/div>\n\n\n\t\t<\/div> \n\t<\/div> \n<\/div><\/div><\/div><div  data-q_id=\"#portfolio\"  data-q_title=\"Portfolio List\"  data-q_icon=\"fa-list\" class=\"vc_row wpb_row section vc_row-fluid grid_section\" style='background-color:#ffffff; padding-top:94px; padding-bottom:0px; text-align:left;'><div class=\" section_inner clearfix\"><div class='section_inner_margin clearfix'>\n\t<div class=\"vc_col-sm-8 wpb_column vc_column_container \">\n\t\t<div class=\"wpb_wrapper\">\n\t\t\t\n\t<div class=\"wpb_text_column wpb_content_element \">\n\t\t<div class=\"wpb_wrapper\">\n\t\t\t<h4 class=\"p1\" style=\"text-align: justify;\">Der\u00a0einzige Sterne-Koch, der auf La Palma zu Ihnen nach Hause oder in Ihr Urlaubs-Appartement kommt.<\/h4>\n<p style=\"text-align: justify;\"><div class=\"separator  transparent center  \" style=\"margin-top: 15px;\"><\/div>\n<p class=\"p1\">Nat\u00fcrlich wollen Sie jetzt wissen, wer ich bin, stimmt\u00b4s?<\/p>\n<p class=\"p2\" style=\"text-align: justify;\"><div class=\"separator  transparent center  \" style=\"margin-top: 15px;\"><\/div>\n<p class=\"p2\" style=\"text-align: justify;\">Okay, <strong>ich hei\u00dfe Georg <\/strong> und ich bin Ihr Chefkoch, der daf\u00fcr sorgt, dass Sie Ihre beste gastronomische Erfahrung bei sich zu Hause erleben.<\/p>\n<p class=\"p2\" style=\"text-align: justify;\"><div class=\"separator  transparent center  \" style=\"margin-top: 15px;\"><\/div>\n<p>Und Sie ein <strong>unvergessliches Kochevent\u00a0<\/strong>voller kulinarischer \u00dcberraschungen mit Ihren Freunden geniessen.<\/p>\n<div class=\"separator  transparent center  \" style=\"margin-top: 15px;\"><\/div>\n\n<p class=\"p2\" style=\"text-align: justify;\">Mit fast 30 Jahren einschl\u00e4giger Erfahrung in der gehobenen Hotellerie und in Restaurants liebe ich es, neue Speisen in der K\u00fcche zu kreieren. Dabei ist mir ganz wichtig lokale und\u00a0Marktfrische Produkte einzusetzen. Deshalb arbeite ich sehr eng mit Rohstofflieferanten, Winzern und K\u00e4seproduzenten von der Insel La Palma zusammen.<\/p>\n\n\t\t<\/div> \n\t<\/div> \n\t\t<\/div> \n\t<\/div> \n\n\t<div class=\"vc_col-sm-4 wpb_column vc_column_container \">\n\t\t<div class=\"wpb_wrapper\">\n\t\t\t\n\t<div class=\"wpb_single_image wpb_content_element vc_align_left\">\n\t\t<div>\n\t\t<div class=\"wpb_wrapper\">\n\t\t\t\n\t\t\t<div class=\"vc_single_image-wrapper   vc_box_border_grey\"><img width=\"257\" height=\"362\" src=\"http:\/\/lapalmacookery.com\/wp-content\/uploads\/2014\/05\/Georg.jpg\" class=\"vc_single_image-img attachment-full\" alt=\"\" loading=\"lazy\" srcset=\"http:\/\/lapalmacookery.com\/wp-content\/uploads\/2014\/05\/Georg.jpg 257w, http:\/\/lapalmacookery.com\/wp-content\/uploads\/2014\/05\/Georg-213x300.jpg 213w\" sizes=\"(max-width: 257px) 100vw, 257px\" \/><\/div>\n\t\t<\/div> \n\t\t<\/div>\n\t<\/div> \n\t\t<\/div> \n\t<\/div> \n<\/div><\/div><\/div><div  data-q_id=\"#portfolio\"  data-q_title=\"Portfolio List\"  data-q_icon=\"fa-list\" class=\"vc_row wpb_row section vc_row-fluid grid_section\" style='background-color:#ffffff; padding-top:10px; padding-bottom:0px; text-align:left;'><div class=\" section_inner clearfix\"><div class='section_inner_margin clearfix'>\n\t<div class=\"vc_col-sm-12 wpb_column vc_column_container \">\n\t\t<div class=\"wpb_wrapper\">\n\t\t\t<div class=\"vc_empty_space\"  style=\"height: 32px\" ><span class=\"vc_empty_space_inner\"><\/span><\/div>\n\n<div    class=\"vc_row wpb_row section vc_inner vc_row-fluid\" style=' text-align:left;'><div class=\" full_section_inner clearfix\">\n\t<div class=\"vc_col-sm-12 wpb_column vc_column_container \">\n\t\t<div class=\"wpb_wrapper\">\n\t\t\t\n\t<div class=\"wpb_text_column wpb_content_element \">\n\t\t<div class=\"wpb_wrapper\">\n\t\t\t<h4 class=\"p1\" style=\"text-align: justify;\"><\/h4>\n<h4 class=\"p1\" style=\"text-align: center;\"><b>Wie ich die Leidenschaft f\u00fcrs Kochen entdeckte <\/b><\/h4>\n<div class=\"separator  transparent center  \" style=\"margin-top: 8px;\"><\/div>\n\n<p class=\"p1\">Die Geschichte ist lang, aber ich mache sie kurz. Ich bin leidenschaftlicher Koch &#8211; bereits seit dem zarten Alter von 9 Jahren. Denn damals habe ich zum ersten Mal ganz alleine zuhause Reis gekocht &#8211; besser gesagt, ich habe es versucht.<\/p>\n<p class=\"p2\" style=\"text-align: justify;\"><div class=\"separator  transparent center  \" style=\"margin-top: 8px;\"><\/div>\n<p class=\"p1\">Der Versuch misslang. Warum? Weil ich den rohen Reis in die hei\u00dfe fettige Pfanne gab mit dem Resultat, dass der Reis in alle Ecken sprang und die K\u00fcche danach aussah, als h\u00e4tte jemand einen Sack Reis ausgekippt.<\/p>\n<p class=\"p1\"><div class=\"separator  transparent center  \" style=\"margin-top: 8px;\"><\/div>\n<p class=\"p2\" style=\"text-align: justify;\">Seit diesem Misserfolg hat mich die Faszination und Leidenschaft f\u00fcrs Kochen nicht mehr losgelassen. Trotzdem nahm ich den Umweg \u00fcber ein Mathematik-Studium. Interessant, nicht wahr? Dort war ich beliebter Gast bei Studentenfeten, vor allem weil ich als Hobbykoch immer etwas Leckeres auf den Tisch zauberte.<\/p>\n\n\t\t<\/div> \n\t<\/div> \n\t\t<\/div> \n\t<\/div> \n<\/div><\/div><div class=\"vc_empty_space\"  style=\"height: 32px\" ><span class=\"vc_empty_space_inner\"><\/span><\/div>\n\n\n\t\t<\/div> \n\t<\/div> \n<\/div><\/div><\/div><div  data-q_id=\"#portfolio\"  data-q_title=\"Portfolio List\"  data-q_icon=\"fa-list\" class=\"vc_row wpb_row section vc_row-fluid grid_section\" style='background-color:#f7f7f7; padding-top:32px; padding-bottom:0px; text-align:left;'><div class=\" section_inner clearfix\"><div class='section_inner_margin clearfix'>\n\t<div class=\"vc_col-sm-12 wpb_column vc_column_container \">\n\t\t<div class=\"wpb_wrapper\">\n\t\t\t\n\t<div class=\"wpb_text_column wpb_content_element \">\n\t\t<div class=\"wpb_wrapper\">\n\t\t\t<h4 class=\"p1\" style=\"text-align: center;\">Auch ein Chefkoch muss gut rechnen <strong>k\u00f6nnen<\/strong>.\u00a0Denn die Suppe ist schnell versalzen.<\/h4>\n\n\t\t<\/div> \n\t<\/div> <div class=\"separator  transparent center  \" style=\"margin-top: 10px;margin-bottom: 0px;\"><\/div>\n\n\t<div class=\"wpb_text_column wpb_content_element \">\n\t\t<div class=\"wpb_wrapper\">\n\t\t\t<h4 class=\"p1\" style=\"text-align: center;\"><\/h4>\n\n\t\t<\/div> \n\t<\/div> <div class=\"separator  transparent center  \" style=\"margin-top: 18px;margin-bottom: 25px;\"><\/div>\n\n\t<div class=\"wpb_text_column wpb_content_element \">\n\t\t<div class=\"wpb_wrapper\">\n\t\t\t<p class=\"p1\" style=\"text-align: justify;\">Aus diesem Grund war das Mathematikstudium gut, aber ich erkannte, dass mein Herz st\u00e4rker f\u00fcr Kochen als f\u00fcr Zahlen schl\u00e4gt. Und so kam ich zur fundierten Kochlehre am wundersch\u00f6nen Tegernsee.<\/p>\n<p class=\"p1\" style=\"text-align: justify;\"><div class=\"separator  transparent center  \" style=\"margin-top: 8px;\"><\/div>\n<p class=\"p1\" style=\"text-align: justify;\">Nach der Ausbildung arbeitete ich in einem franz\u00f6sischen Restaurant und lernte die leckere franz\u00f6sische K\u00fcche kennen. In einem renommierten Sternerestaurant erlernte ich dann, wie man Gourmetspeisen kocht und den Gast damit verw\u00f6hnt. Und weil mich die Kanarischen Inseln schon immer sehr gereizt haben, war es nur eine Frage der Zeit, bis ich hier gelandet bin. Und seitdem habe ich die K\u00fcche mehrerer bekannter Restaurants auf La Palma geleitet.<\/p>\n\n\t\t<\/div> \n\t<\/div> <div class=\"vc_empty_space\"  style=\"height: 32px\" ><span class=\"vc_empty_space_inner\"><\/span><\/div>\n\n\n\t\t<\/div> \n\t<\/div> \n<\/div><\/div><\/div><div  data-q_id=\"#portfolio\"  data-q_title=\"Portfolio List\"  data-q_icon=\"fa-list\" class=\"vc_row wpb_row section vc_row-fluid grid_section\" style='background-color:#ffffff; border-bottom: 1px solid #ffffff; padding-top:32px; padding-bottom:0px; text-align:left;'><div class=\" section_inner clearfix\"><div class='section_inner_margin clearfix'>\n\t<div class=\"vc_col-sm-12 wpb_column vc_column_container \">\n\t\t<div class=\"wpb_wrapper\">\n\t\t\t\n\t<div class=\"wpb_text_column wpb_content_element \">\n\t\t<div class=\"wpb_wrapper\">\n\t\t\t<h4 class=\"p1\" style=\"text-align: center;\"><b>Und was haben Sie jetzt davon, dass Sie jetzt Ihren pers\u00f6nlichen Chefkoch kennen? <\/b><\/h4>\n\n\t\t<\/div> \n\t<\/div> <div class=\"separator  transparent center  \" style=\"margin-top: 10px;margin-bottom: 0px;\"><\/div>\n<div class=\"separator  transparent center  \" style=\"margin-top: 10px;margin-bottom: 0px;\"><\/div>\n\n\t<div class=\"wpb_text_column wpb_content_element \">\n\t\t<div class=\"wpb_wrapper\">\n\t\t\t<h4 class=\"p1\" style=\"text-align: center;\"><\/h4>\n<p class=\"p1\" style=\"text-align: justify;\">Eine ganze Menge, denn ich bin der einzige Sternekoch in La Palma, der zu Ihnen nach Hause kommt.\u00a0Ich liebe es <span class=\"s1\">leidenschaftlich\u00a0<\/span>Sie zu verw\u00f6hnen und mit Ihnen und Ihren G\u00e4sten zusammen ein besonderes Event zu feiern:\u00a0<b>Kochen, Essen und Genie\u00dfen.<\/b><\/p>\n<p class=\"p1\" style=\"text-align: justify;\"><div class=\"separator  transparent center  \" style=\"margin-top: 8px;\"><\/div>\n<p>Denn zusammen kochen und essen \u2013 das ist einer der neuesten Gourmet Trends, da zusammen kochen und genie\u00dfen einfach Spa\u00df macht und entspannt.<\/p>\n\n\t\t<\/div> \n\t<\/div> <div class=\"vc_empty_space\"  style=\"height: 32px\" ><span class=\"vc_empty_space_inner\"><\/span><\/div>\n\n\n\t\t<\/div> \n\t<\/div> \n<\/div><\/div><\/div><div  data-q_id=\"#portfolio\"  data-q_title=\"Portfolio List\"  data-q_icon=\"fa-list\" class=\"vc_row wpb_row section vc_row-fluid grid_section\" style='background-color:#f7f7f7; padding-top:64px; padding-bottom:0px; text-align:left;'><div class=\" section_inner clearfix\"><div class='section_inner_margin clearfix'>\n\t<div class=\"vc_col-sm-12 wpb_column vc_column_container \">\n\t\t<div class=\"wpb_wrapper\">\n\t\t\t<div class=\"vc_empty_space\"  style=\"height: 32px\" ><span class=\"vc_empty_space_inner\"><\/span><\/div>\n\n\n\t<div class=\"wpb_text_column wpb_content_element \">\n\t\t<div class=\"wpb_wrapper\">\n\t\t\t<h2 class=\"p1\" style=\"text-align: center;\"><b>Anl\u00e4sse gibt es viele, aber einen Sternekoch, der zu Ihnen nach Hause kommt, gibt es nur einmal auf La Palma<\/b><\/h2>\n\n\t\t<\/div> \n\t<\/div> <div class=\"separator  transparent center  \" style=\"margin-top: 10px;margin-bottom: 0px;\"><\/div>\n\n\t<div class=\"wpb_text_column wpb_content_element \">\n\t\t<div class=\"wpb_wrapper\">\n\t\t\t<h4 class=\"p1\" style=\"text-align: center;\">Was k\u00f6nnten Sie feiern?<\/h4>\n\n\t\t<\/div> \n\t<\/div> <div class=\"separator  transparent center  \" style=\"margin-top: 18px;margin-bottom: 25px;\"><\/div>\n<div class=\"vc_empty_space\"  style=\"height: 32px\" ><span class=\"vc_empty_space_inner\"><\/span><\/div>\n\n<div    class=\"vc_row wpb_row section vc_inner vc_row-fluid\" style=' text-align:left;'><div class=\" full_section_inner clearfix\">\n\t<div class=\"vc_col-sm-2 wpb_column vc_column_container \">\n\t\t<div class=\"wpb_wrapper\">\n\t\t\t<span class=\"qode_icon_shortcode fa-stack q_font_awsome_icon_stack fa-2x pull-center \" style=\" \"><i class=\"fa fa-circle fa-stack-base fa-stack-2x\" style=\"\"><\/i><i class=\"fa fa-birthday-cake fa-stack-1x\" style=\"\"><\/i><\/span><div class=\"separator  transparent center  \" style=\"margin-top: 8px;\"><\/div>\n\n\t<div class=\"wpb_text_column wpb_content_element \">\n\t\t<div class=\"wpb_wrapper\">\n\t\t\t<h3 class=\"p1\" style=\"text-align: center;\">Einen Geburtstag<\/h3>\n\n\t\t<\/div> \n\t<\/div> \n\t\t<\/div> \n\t<\/div> \n\n\t<div class=\"vc_col-sm-2 wpb_column vc_column_container \">\n\t\t<div class=\"wpb_wrapper\">\n\t\t\t<span class=\"qode_icon_shortcode fa-stack q_font_awsome_icon_stack fa-2x pull-center \" style=\" \"><i class=\"fa fa-circle fa-stack-base fa-stack-2x\" style=\"\"><\/i><i class=\"fa fa-heart fa-stack-1x\" style=\"\"><\/i><\/span><div class=\"separator  transparent center  \" style=\"margin-top: 8px;\"><\/div>\n\n\t<div class=\"wpb_text_column wpb_content_element \">\n\t\t<div class=\"wpb_wrapper\">\n\t\t\t<h3 class=\"p1\" style=\"text-align: center;\"><strong>Ein romantisches Abendessen f\u00fcr Verliebte<\/strong><\/h3>\n\n\t\t<\/div> \n\t<\/div> \n\t\t<\/div> \n\t<\/div> \n\n\t<div class=\"vc_col-sm-2 wpb_column vc_column_container \">\n\t\t<div class=\"wpb_wrapper\">\n\t\t\t<span class=\"qode_icon_shortcode fa-stack q_font_awsome_icon_stack fa-2x pull-center \" style=\" \"><i class=\"fa fa-circle fa-stack-base fa-stack-2x\" style=\"\"><\/i><i class=\"fa fa-calendar fa-stack-1x\" style=\"\"><\/i><\/span><div class=\"separator  transparent center  \" style=\"margin-top: 8px;\"><\/div>\n\n\t<div class=\"wpb_text_column wpb_content_element \">\n\t\t<div class=\"wpb_wrapper\">\n\t\t\t<h3 class=\"p1\" style=\"text-align: center;\">Ein Jubil\u00e4um<\/h3>\n\n\t\t<\/div> \n\t<\/div> \n\t\t<\/div> \n\t<\/div> \n\n\t<div class=\"vc_col-sm-2 wpb_column vc_column_container \">\n\t\t<div class=\"wpb_wrapper\">\n\t\t\t<span class=\"qode_icon_shortcode fa-stack q_font_awsome_icon_stack fa-2x pull-center \" style=\" \"><i class=\"fa fa-circle fa-stack-base fa-stack-2x\" style=\"\"><\/i><i class=\"fa fa-venus-mars fa-stack-1x\" style=\"\"><\/i><\/span><div class=\"separator  transparent center  \" style=\"margin-top: 8px;\"><\/div>\n\n\t<div class=\"wpb_text_column wpb_content_element \">\n\t\t<div class=\"wpb_wrapper\">\n\t\t\t<h3 class=\"p1\" style=\"text-align: center;\">Eine Hochzeit<\/h3>\n\n\t\t<\/div> \n\t<\/div> \n\t\t<\/div> \n\t<\/div> \n\n\t<div class=\"vc_col-sm-2 wpb_column vc_column_container \">\n\t\t<div class=\"wpb_wrapper\">\n\t\t\t<span class=\"qode_icon_shortcode fa-stack q_font_awsome_icon_stack fa-2x pull-center \" style=\" \"><i class=\"fa fa-circle fa-stack-base fa-stack-2x\" style=\"\"><\/i><i class=\"fa fa-child fa-stack-1x\" style=\"\"><\/i><\/span><div class=\"separator  transparent center  \" style=\"margin-top: 8px;\"><\/div>\n\n\t<div class=\"wpb_text_column wpb_content_element \">\n\t\t<div class=\"wpb_wrapper\">\n\t\t\t<h3 class=\"p1\" style=\"text-align: center;\">Oder einfach nur eine ausgefallene Feier mit Freunden<\/h3>\n\n\t\t<\/div> \n\t<\/div> \n\t\t<\/div> \n\t<\/div> \n\n\t<div class=\"vc_col-sm-2 wpb_column vc_column_container \">\n\t\t<div class=\"wpb_wrapper\">\n\t\t\t<span class=\"qode_icon_shortcode fa-stack q_font_awsome_icon_stack fa-2x pull-center \" style=\" \"><i class=\"fa fa-circle fa-stack-base fa-stack-2x\" style=\"\"><\/i><i class=\"fa fa-users fa-stack-1x\" style=\"\"><\/i><\/span><div class=\"separator  transparent center  \" style=\"margin-top: 8px;\"><\/div>\n\n\t<div class=\"wpb_text_column wpb_content_element \">\n\t\t<div class=\"wpb_wrapper\">\n\t\t\t<h3 style=\"text-align: center;\">Team Building<\/h3>\n\n\t\t<\/div> \n\t<\/div> \n\t\t<\/div> \n\t<\/div> \n<\/div><\/div><div class=\"vc_empty_space\"  style=\"height: 32px\" ><span class=\"vc_empty_space_inner\"><\/span><\/div>\n\n\n\t\t<\/div> \n\t<\/div> \n<\/div><\/div><\/div><div    class=\"vc_row wpb_row section vc_row-fluid\" style=' text-align:left;'><div class=\" full_section_inner clearfix\">\n\t<div class=\"vc_col-sm-12 wpb_column vc_column_container \">\n\t\t<div class=\"wpb_wrapper\">\n\t\t\t<div class=\"call_to_action normal\" style=\"background-color: #ae9962;padding-top: 47px;padding-bottom: 50px;\"><div class=\"container_inner\"><div class=\"two_columns_75_25 clearfix\"><div class=\"text_wrapper column1\"><div class=\"call_to_action_text\" style=\"font-weight: 600;\"><\/p>\n<h4><strong><span style=\"color: #ffffff;\">Sie haben schon ein Event im Kopf? Oder suchen noch nach einer passenden Idee? Rufen Sie mich an und gemeinsam kl\u00e4ren wir die Details f\u00fcr Ihr n\u00e4chstes unvergessliches Dinner! So erreichen Sie mich unter Tel.:\u00a0+34 678 475 716. <\/span><\/strong><\/h4>\n<p><\/div><\/div><div class=\"button_wrapper column2\"><a href=\"kontakt\" class=\"qbutton white \" target=\"\" style=\"color: #000000;border-color: #ffffff;background-color: #ffffff;\"data-hover-background-color=#f9f9f9 data-hover-border-color=#f9f9f9 data-hover-color=#000000>Kontakt<\/a><\/div><\/div><\/div><\/div>\n\t\t<\/div> \n\t<\/div> \n<\/div><\/div>\n","protected":false},"excerpt":{"rendered":"Der Chefkoch, der sie verw\u00f6hnt bis zum geht nicht mehr!\u00a0 -bei Ihnen zuhause mit Genuss pur!\u00a0 Der\u00a0einzige Sterne-Koch, der auf La Palma zu Ihnen nach Hause oder in Ihr Urlaubs-Appartement kommt. Nat\u00fcrlich wollen Sie jetzt wissen, wer ich bin, stimmt\u00b4s? Okay, ich hei\u00dfe Georg und...","protected":false},"author":1,"featured_media":0,"parent":0,"menu_order":0,"comment_status":"open","ping_status":"open","template":"full_width.php","meta":[],"_links":{"self":[{"href":"http:\/\/lapalmacookery.com\/de\/wp-json\/wp\/v2\/pages\/17365"}],"collection":[{"href":"http:\/\/lapalmacookery.com\/de\/wp-json\/wp\/v2\/pages"}],"about":[{"href":"http:\/\/lapalmacookery.com\/de\/wp-json\/wp\/v2\/types\/page"}],"author":[{"embeddable":true,"href":"http:\/\/lapalmacookery.com\/de\/wp-json\/wp\/v2\/users\/1"}],"replies":[{"embeddable":true,"href":"http:\/\/lapalmacookery.com\/de\/wp-json\/wp\/v2\/comments?post=17365"}],"version-history":[{"count":19,"href":"http:\/\/lapalmacookery.com\/de\/wp-json\/wp\/v2\/pages\/17365\/revisions"}],"predecessor-version":[{"id":17536,"href":"http:\/\/lapalmacookery.com\/de\/wp-json\/wp\/v2\/pages\/17365\/revisions\/17536"}],"wp:attachment":[{"href":"http:\/\/lapalmacookery.com\/de\/wp-json\/wp\/v2\/media?parent=17365"}],"curies":[{"name":"wp","href":"https:\/\/api.w.org\/{rel}","templated":true}]}}