{"id":17343,"date":"2015-11-20T15:23:08","date_gmt":"2015-11-20T15:23:08","guid":{"rendered":"http:\/\/lapalmacookery.com\/?page_id=17343"},"modified":"2015-11-27T12:01:10","modified_gmt":"2015-11-27T12:01:10","slug":"kontakt","status":"publish","type":"page","link":"http:\/\/lapalmacookery.com\/de\/kontakt\/","title":{"rendered":"Kontakt"},"content":{"rendered":"<div    class=\"vc_row wpb_row section vc_row-fluid grid_section\" style=' padding-top:38px; text-align:left;'><div class=\" section_inner clearfix\"><div class='section_inner_margin clearfix'>\n\t<div class=\"vc_col-sm-12 wpb_column vc_column_container \">\n\t\t<div class=\"wpb_wrapper\">\n\t\t\t\n\t<div class=\"wpb_text_column wpb_content_element \">\n\t\t<div class=\"wpb_wrapper\">\n\t\t\t<p class=\"p1\">Sie m\u00f6chten mehr wissen oder haben einen ganz bestimmten Wunsch? Sie haben eine Anregung f\u00fcr mich oder wollen einen<span class=\"Apple-converted-space\">\u00a0<\/span>konkreten Termin vereinbaren? \u2013 Dann schreiben Sie mir!<\/p>\n<p class=\"p1\" style=\"text-align: justify;\"><div class=\"separator  transparent center  \" style=\"margin-top: 10px;\"><\/div>\n<p class=\"p1\">F\u00fcllen Sie bitte das folgende Kontaktformular aus. Ich melde mich m\u00f6glichst schnell bei Ihnen.<\/p>\n<p class=\"p1\" style=\"text-align: justify;\"><div class=\"separator  transparent center  \" style=\"margin-top: 10px;\"><\/div>\n<p class=\"p1\">Ich freue mich \u00fcber eine Nachricht von Ihnen.<\/p>\n<p class=\"p1\" style=\"text-align: justify;\"><div class=\"separator  transparent center  \" style=\"margin-top: 10px;\"><\/div>\n<p class=\"p1\">Bis bald,<\/p>\n<p class=\"p2\" style=\"text-align: justify;\"><div class=\"separator  transparent center  \" style=\"margin-top: 5px;\"><\/div>\n<p class=\"p1\">Ihr Privater Chefkoch Georg.<\/p>\n\n\t\t<\/div> \n\t<\/div> <div class=\"vc_empty_space\"  style=\"height: 32px\" ><span class=\"vc_empty_space_inner\"><\/span><\/div>\n\n\n\t\t<\/div> \n\t<\/div> \n<\/div><\/div><\/div><div    class=\"vc_row wpb_row section vc_row-fluid grid_section\" style=' padding-top:35px; padding-bottom:48px; text-align:left;'><div class=\" section_inner clearfix\"><div class='section_inner_margin clearfix'>\n\t<div class=\"vc_col-sm-4 wpb_column vc_column_container  vc_custom_1447696207204\">\n\t\t<div class=\"wpb_wrapper\">\n\t\t\t\n\t<div class=\"wpb_text_column wpb_content_element \">\n\t\t<div class=\"wpb_wrapper\">\n\t\t\t<h4>LA PALMA COOKERY<\/h4>\n\n\t\t<\/div> \n\t<\/div> <div class=\"separator  transparent center  \" style=\"margin-top: 6px;margin-bottom: 6px;\"><\/div>\n\n\t<div class=\"wpb_text_column wpb_content_element \">\n\t\t<div class=\"wpb_wrapper\">\n\t\t\t<p>Email: chefgeorg@lapalmacookery.com<br \/>\nTelefon: +34 678 475 716<\/p>\n<p>La Palma,\u00a0Kanarische Inseln\u00a0<\/p>\n\n\t\t<\/div> \n\t<\/div> <div class=\"separator  transparent center  \" style=\"margin-top: 6px;margin-bottom: 6px;\"><\/div>\n\n\t\t<\/div> \n\t<\/div> \n\n\t<div class=\"vc_col-sm-8 wpb_column vc_column_container \">\n\t\t<div class=\"wpb_wrapper\">\n\t\t\t\n\t<div class=\"wpb_text_column wpb_content_element \">\n\t\t<div class=\"wpb_wrapper\">\n\t\t\t<h2>Kontaktformular<\/h2>\n\n\t\t<\/div> \n\t<\/div> <div class=\"separator  transparent center  \" style=\"margin-top: 6px;margin-bottom: 6px;\"><\/div>\n<div role=\"form\" class=\"wpcf7\" id=\"wpcf7-f17345-o1\" lang=\"es-ES\" dir=\"ltr\">\n<div class=\"screen-reader-response\"><\/div>\n<form action=\"\/de\/wp-json\/wp\/v2\/pages\/17343#wpcf7-f17345-o1\" method=\"post\" class=\"wpcf7-form default\" novalidate=\"novalidate\">\n<div style=\"display: none;\">\n<input type=\"hidden\" name=\"_wpcf7\" value=\"17345\" \/>\n<input type=\"hidden\" name=\"_wpcf7_version\" value=\"4.3.1\" \/>\n<input type=\"hidden\" name=\"_wpcf7_locale\" value=\"es_ES\" \/>\n<input type=\"hidden\" name=\"_wpcf7_unit_tag\" value=\"wpcf7-f17345-o1\" \/>\n<input type=\"hidden\" name=\"_wpnonce\" value=\"fe504591a4\" \/>\n<\/div>\n<p> Vorname - Nachname (*)<br \/>\n    <span class=\"wpcf7-form-control-wrap your-name\"><input type=\"text\" name=\"your-name\" value=\"\" size=\"40\" class=\"wpcf7-form-control wpcf7-text wpcf7-validates-as-required\" aria-required=\"true\" aria-invalid=\"false\" \/><\/span> <\/p>\n<p>Ihre E-Mail-Adresse: (*)<br \/>\n    <span class=\"wpcf7-form-control-wrap your-email\"><input type=\"email\" name=\"your-email\" value=\"\" size=\"40\" class=\"wpcf7-form-control wpcf7-text wpcf7-email wpcf7-validates-as-required wpcf7-validates-as-email\" aria-required=\"true\" aria-invalid=\"false\" \/><\/span> <\/p>\n<p> Telefon: <br \/>\n    <span class=\"wpcf7-form-control-wrap tel-730\"><input type=\"tel\" name=\"tel-730\" value=\"\" size=\"40\" class=\"wpcf7-form-control wpcf7-text wpcf7-tel wpcf7-validates-as-tel\" aria-invalid=\"false\" \/><\/span><\/p>\n<p>Betreff: <br \/>\n<span class=\"wpcf7-form-control-wrap Asunto\"><span class=\"wpcf7-form-control wpcf7-checkbox\"><span class=\"wpcf7-list-item first\"><input type=\"checkbox\" name=\"Asunto[]\" value=\"Einen Geschengutschein beantragen\" \/>&nbsp;<span class=\"wpcf7-list-item-label\">Einen Geschengutschein beantragen<\/span><\/span><span class=\"wpcf7-list-item\"><input type=\"checkbox\" name=\"Asunto[]\" value=\"Einen Kochkurs beantragen\" \/>&nbsp;<span class=\"wpcf7-list-item-label\">Einen Kochkurs beantragen<\/span><\/span><span class=\"wpcf7-list-item last\"><input type=\"checkbox\" name=\"Asunto[]\" value=\"Sonstiges\" \/>&nbsp;<span class=\"wpcf7-list-item-label\">Sonstiges<\/span><\/span><\/span><\/span><\/p>\n<p>Ihre Nachricht<br \/>\n    <span class=\"wpcf7-form-control-wrap your-message\"><textarea name=\"your-message\" cols=\"40\" rows=\"10\" class=\"wpcf7-form-control wpcf7-textarea wpcf7-validates-as-required\" aria-required=\"true\" aria-invalid=\"false\"><\/textarea><\/span> <\/p>\n<p><input type=\"submit\" value=\"Senden\" class=\"wpcf7-form-control wpcf7-submit\" \/><\/p>\n<h6>Sie haben ein ganz dringendes Anliegen? Dann rufen Sie mich gerne auch an: <br \/> +34  678 475 716\u2028<\/h6>\n<div class=\"wpcf7-response-output wpcf7-display-none\"><\/div><\/form><\/div>\n\t\t<\/div> \n\t<\/div> \n<\/div><\/div><\/div>\n","protected":false},"excerpt":{"rendered":"Sie m\u00f6chten mehr wissen oder haben einen ganz bestimmten Wunsch? Sie haben eine Anregung f\u00fcr mich oder wollen einen\u00a0konkreten Termin vereinbaren? \u2013 Dann schreiben Sie mir! F\u00fcllen Sie bitte das folgende Kontaktformular aus. Ich melde mich m\u00f6glichst schnell bei Ihnen. Ich freue mich \u00fcber eine...","protected":false},"author":1,"featured_media":0,"parent":0,"menu_order":0,"comment_status":"open","ping_status":"open","template":"full_width.php","meta":[],"_links":{"self":[{"href":"http:\/\/lapalmacookery.com\/de\/wp-json\/wp\/v2\/pages\/17343"}],"collection":[{"href":"http:\/\/lapalmacookery.com\/de\/wp-json\/wp\/v2\/pages"}],"about":[{"href":"http:\/\/lapalmacookery.com\/de\/wp-json\/wp\/v2\/types\/page"}],"author":[{"embeddable":true,"href":"http:\/\/lapalmacookery.com\/de\/wp-json\/wp\/v2\/users\/1"}],"replies":[{"embeddable":true,"href":"http:\/\/lapalmacookery.com\/de\/wp-json\/wp\/v2\/comments?post=17343"}],"version-history":[{"count":5,"href":"http:\/\/lapalmacookery.com\/de\/wp-json\/wp\/v2\/pages\/17343\/revisions"}],"predecessor-version":[{"id":17524,"href":"http:\/\/lapalmacookery.com\/de\/wp-json\/wp\/v2\/pages\/17343\/revisions\/17524"}],"wp:attachment":[{"href":"http:\/\/lapalmacookery.com\/de\/wp-json\/wp\/v2\/media?parent=17343"}],"curies":[{"name":"wp","href":"https:\/\/api.w.org\/{rel}","templated":true}]}}