{"id":17338,"date":"2015-11-20T15:16:32","date_gmt":"2015-11-20T15:16:32","guid":{"rendered":"http:\/\/lapalmacookery.com\/?page_id=17338"},"modified":"2015-11-27T12:01:03","modified_gmt":"2015-11-27T12:01:03","slug":"geschenkgutschein","status":"publish","type":"page","link":"http:\/\/lapalmacookery.com\/de\/geschenkgutschein\/","title":{"rendered":"GeschenkGutschein"},"content":{"rendered":"<section  data-q_id=\"#portfolio\"  data-q_title=\"Portfolio List\"  data-q_icon=\"fa-list\" data-speed=\"1\" class=\"parallax_section_holder  \" style = \" height:px; background-image:url('');\"><div class=\"parallax_content left\"><div class='parallax_section_inner_margin clearfix'>\n\t<div class=\"vc_col-sm-12 wpb_column vc_column_container \">\n\t\t<div class=\"wpb_wrapper\">\n\t\t\t<div class=\"vc_empty_space\"  style=\"height: 40px\" ><span class=\"vc_empty_space_inner\"><\/span><\/div>\n\n\n\t<div class=\"wpb_text_column wpb_content_element \">\n\t\t<div class=\"wpb_wrapper\">\n\t\t\t<h2 class=\"p1\" style=\"text-align: center;\">Eine ganz besondere \u00dcberraschung und Geschenkidee!<\/h2>\n\n\t\t<\/div> \n\t<\/div> <div class=\"separator  transparent center  \" style=\"margin-top: 6px;margin-bottom: 23px;\"><\/div>\n\n\t<div class=\"wpb_text_column wpb_content_element \">\n\t\t<div class=\"wpb_wrapper\">\n\t\t\t<p style=\"text-align: justify;\">Haben Sie schon einmal daran gedacht, einen Chefkoch zu verschenken?\u00a0Besondere Anl\u00e4sse erfordern besondere Geschenke!\u00a0Sie m\u00f6chten einen au\u00dfergew\u00f6hnlichen Abend mit exklusiver K\u00fcche oder einen Kochkurs verschenken?\u00a0\u00a0\u2013 Ich stelle Ihnen gerne einen Geschenk-Gutschein aus.<\/p>\n\n\t\t<\/div> \n\t<\/div> <div class=\"vc_empty_space\"  style=\"height: 32px\" ><span class=\"vc_empty_space_inner\"><\/span><\/div>\n\n\n\t\t<\/div> \n\t<\/div> \n<\/div><\/div><\/section><div    class=\"vc_row wpb_row section vc_row-fluid grid_section\" style='background-color:#f8f8f8; padding-top:35px; padding-bottom:35px; text-align:left;'><div class=\" section_inner clearfix\"><div class='section_inner_margin clearfix'>\n\t<div class=\"vc_col-sm-12 wpb_column vc_column_container \">\n\t\t<div class=\"wpb_wrapper\">\n\t\t\t\n\t<div class=\"wpb_text_column wpb_content_element \">\n\t\t<div class=\"wpb_wrapper\">\n\t\t\t<h4 class=\"p1\" style=\"text-align: center;\"><strong>Anl\u00e4sse f\u00fcr das Geschenk <\/strong><\/h4>\n\n\t\t<\/div> \n\t<\/div> <div class=\"separator  transparent center  \" style=\"margin-top: 6px;margin-bottom: 23px;\"><\/div>\n<div    class=\"vc_row wpb_row section vc_inner vc_row-fluid\" style=' text-align:left;'><div class=\" full_section_inner clearfix\">\n\t<div class=\"vc_col-sm-8 wpb_column vc_column_container \">\n\t\t<div class=\"wpb_wrapper\">\n\t\t\t\n\t<div class=\"wpb_text_column wpb_content_element \">\n\t\t<div class=\"wpb_wrapper\">\n\t\t\t<p style=\"text-align: justify;\">Der beliebteste Geschenkgutschein ist der f\u00fcr <strong>ein Menue f\u00fcr 2 Personen<\/strong>. Gerade zu Weihnachten, f\u00fcr einen Geburtstag oder f\u00fcr ein Brautpaar wird dieses gerne angefragt. Genauso gerne stelle ich Ihnen nat\u00fcrlich auch einen Geschenkgutschein f\u00fcr mehrere Gruppen, zum Beispiel f\u00fcr meinen Kochkurs, aus.<\/p>\n<h4 class=\"p1\" style=\"text-align: justify;\"><\/h4>\n<h4 class=\"p1\" style=\"text-align: justify;\"><div class=\"separator  full_width center  \" style=\"margin-top: 10px;background-color: transparent;\"><\/div>\n<\/h4>\n<h4 class=\"p1\" style=\"text-align: left;\">So funktioniert\u2019s:<\/h4>\n<h4 class=\"p1\" style=\"text-align: justify;\"><div class=\"separator  full_width center  \" style=\"margin-top: 5px;background-color: transparent;\"><\/div>\n<\/h4>\n<p>W\u00e4hlen Sie einen Geschenkgutschein aus und lassen Sie mich es \u00fcber die Online-Kontaktseite oder per Telefon +34 678475716 wissen.<\/p>\n<div class=\"separator  full_width center  \" style=\"margin-top: 5px;background-color: transparent;\"><\/div>\n\n<p>Ich \u00fcbersende Ihnen einen personalisierten Geschenkgutschein\u00a1\u00a0sowie die Rechnung an die E-Mail-Adresse, die Sie mir mitgeteilt haben. Es entstehen keine weiteren Versandkosten.<\/p>\n<div class=\"separator  full_width center  \" style=\"margin-top: 5px;background-color: transparent;\"><\/div>\n\n<p class=\"p1\"><a href=\"kontakt\" target=\"_self\"  class=\"qbutton  small\" style=\"\">KONTAKT<\/a><\/p>\n<h4 class=\"p1\" style=\"text-align: justify;\"><\/h4>\n<p class=\"p1\"><div class=\"separator  full_width center  \" style=\"margin-top: 5px;background-color: transparent;\"><\/div>\n<p class=\"p1\">Der Beschenkte des Gutscheins w\u00e4hlt in Absprache mit mir einen passenden, individuellen Termin.<\/p>\n<h4 class=\"p1\" style=\"text-align: justify;\"><\/h4>\n\n\t\t<\/div> \n\t<\/div> \n\t\t<\/div> \n\t<\/div> \n\n\t<div class=\"vc_col-sm-4 wpb_column vc_column_container \">\n\t\t<div class=\"wpb_wrapper\">\n\t\t\t\n\t<div class=\"wpb_single_image wpb_content_element vc_align_left\">\n\t\t<div>\n\t\t<div class=\"wpb_wrapper\">\n\t\t\t\n\t\t\t<div class=\"vc_single_image-wrapper   vc_box_border_grey\"><img width=\"640\" height=\"426\" src=\"http:\/\/lapalmacookery.com\/wp-content\/uploads\/2015\/11\/cenaRomantica.jpg\" class=\"vc_single_image-img attachment-full\" alt=\"\" loading=\"lazy\" srcset=\"http:\/\/lapalmacookery.com\/wp-content\/uploads\/2015\/11\/cenaRomantica.jpg 640w, http:\/\/lapalmacookery.com\/wp-content\/uploads\/2015\/11\/cenaRomantica-300x200.jpg 300w\" sizes=\"(max-width: 640px) 100vw, 640px\" \/><\/div>\n\t\t<\/div> \n\t\t<\/div>\n\t<\/div> \n\t\t<\/div> \n\t<\/div> \n<\/div><\/div>\n\t\t<\/div> \n\t<\/div> \n<\/div><\/div><\/div><div    class=\"vc_row wpb_row section vc_row-fluid vc_custom_1441202115661\" style=' padding-top:0px; padding-bottom:0px; text-align:left;'><div class=\" full_section_inner clearfix\">\n\t<div class=\"vc_col-sm-12 wpb_column vc_column_container \">\n\t\t<div class=\"wpb_wrapper\">\n\t\t\t<div class=\"call_to_action normal\" style=\"background-color: #ae9962;padding-top: 47px;padding-bottom: 50px;\"><div class=\"container_inner\"><div class=\"two_columns_75_25 clearfix\"><div class=\"text_wrapper column1\"><div class=\"call_to_action_text\" style=\"font-weight: 600;\"><\/p>\n<h4><strong><span style=\"color: #ffffff;\">Denken Sie gerade daran einen Gutschein des Gourmetkochs zu verschenken? Sie k\u00f6nnen ihn \u00fcber das Online-Kontaktformular oder telefonisch beantragen:+34 678 475 716 <\/span><\/strong><\/h4>\n<p><\/div><\/div><div class=\"button_wrapper column2\"><a href=\"kontakt\" class=\"qbutton white \" target=\"\" style=\"color: #000000;border-color: #ffffff;background-color: #ffffff;\"data-hover-background-color=#f9f9f9 data-hover-border-color=#f9f9f9 data-hover-color=#000000>KONTAKT<\/a><\/div><\/div><\/div><\/div>\n\t\t<\/div> \n\t<\/div> \n<\/div><\/div>\n","protected":false},"excerpt":{"rendered":"Eine ganz besondere \u00dcberraschung und Geschenkidee! Haben Sie schon einmal daran gedacht, einen Chefkoch zu verschenken?\u00a0Besondere Anl\u00e4sse erfordern besondere Geschenke!\u00a0Sie m\u00f6chten einen au\u00dfergew\u00f6hnlichen Abend mit exklusiver K\u00fcche oder einen Kochkurs verschenken?\u00a0\u00a0\u2013 Ich stelle Ihnen gerne einen Geschenk-Gutschein aus. Anl\u00e4sse f\u00fcr das Geschenk Der beliebteste Geschenkgutschein...","protected":false},"author":1,"featured_media":0,"parent":0,"menu_order":0,"comment_status":"closed","ping_status":"closed","template":"full_width.php","meta":[],"_links":{"self":[{"href":"http:\/\/lapalmacookery.com\/de\/wp-json\/wp\/v2\/pages\/17338"}],"collection":[{"href":"http:\/\/lapalmacookery.com\/de\/wp-json\/wp\/v2\/pages"}],"about":[{"href":"http:\/\/lapalmacookery.com\/de\/wp-json\/wp\/v2\/types\/page"}],"author":[{"embeddable":true,"href":"http:\/\/lapalmacookery.com\/de\/wp-json\/wp\/v2\/users\/1"}],"replies":[{"embeddable":true,"href":"http:\/\/lapalmacookery.com\/de\/wp-json\/wp\/v2\/comments?post=17338"}],"version-history":[{"count":9,"href":"http:\/\/lapalmacookery.com\/de\/wp-json\/wp\/v2\/pages\/17338\/revisions"}],"predecessor-version":[{"id":17525,"href":"http:\/\/lapalmacookery.com\/de\/wp-json\/wp\/v2\/pages\/17338\/revisions\/17525"}],"wp:attachment":[{"href":"http:\/\/lapalmacookery.com\/de\/wp-json\/wp\/v2\/media?parent=17338"}],"curies":[{"name":"wp","href":"https:\/\/api.w.org\/{rel}","templated":true}]}}