{"id":17076,"date":"2014-05-15T12:38:07","date_gmt":"2014-05-15T12:38:07","guid":{"rendered":"http:\/\/lapalmacookery.com\/inicio-2"},"modified":"2015-11-27T12:01:42","modified_gmt":"2015-11-27T12:01:42","slug":"inicio","status":"publish","type":"page","link":"http:\/\/lapalmacookery.com\/de\/","title":{"rendered":"Start"},"content":{"rendered":"<div  data-q_id=\"#portfolio\"  data-q_title=\"Portfolio List\"  data-q_icon=\"fa-list\" class=\"vc_row wpb_row section vc_row-fluid grid_section\" style='background-color:#ffffff; border-bottom: 1px solid #efefef; padding-top:57px; padding-bottom:0px; text-align:left;'><div class=\" section_inner clearfix\"><div class='section_inner_margin clearfix'>\n\t<div class=\"vc_col-sm-12 wpb_column vc_column_container \">\n\t\t<div class=\"wpb_wrapper\">\n\t\t\t\n\t<div class=\"wpb_text_column wpb_content_element \">\n\t\t<div class=\"wpb_wrapper\">\n\t\t\t<h2 style=\"text-align: center;\"><b>Genie\u00dfen Sie ein 4-G\u00e4nge-Men\u00fc am sch\u00f6nsten Ort der Welt <\/b><\/h2>\n<h2 style=\"text-align: center;\"><b>&#8211; Bei Ihnen zuhause, oder in Ihrem Urlaubs-Appartement!<\/b><\/h2>\n\n\t\t<\/div> \n\t<\/div> <div class=\"vc_empty_space\"  style=\"height: 12px\" ><span class=\"vc_empty_space_inner\"><\/span><\/div>\n\n\n\t<div class=\"wpb_text_column wpb_content_element \">\n\t\t<div class=\"wpb_wrapper\">\n\t\t\t<h4 class=\"p1\" style=\"text-align: center;\"><b>Lassen Sie sich und Ihre G\u00e4ste verw\u00f6hnen &#8211; mit einer neuen und einzigartigen Aktivit\u00e4t auf La Palma!<\/b><\/h4>\n<h6><div class=\"separator  transparent center  \" style=\"margin-top: 8px;\"><\/div>\n<\/h6>\n<h6 class=\"p1\" style=\"text-align: center;\">Vielleicht sagen Sie jetzt: &#8220;Wie soll das denn gehen? Ich bin doch kein Star-Koch.&#8221; Brauchen Sie auch nicht, denn<span class=\"s1\">&#8230;\u00a0<\/span><b>Ihr pers\u00f6nlicher Chefkoch<\/b> kommt zu Ihnen nach Hause, weil es keinen besseren Ort gibt in so richtig entspannter Atmosph\u00e4re zu feiern, dabei gemeinsam zu kochen und zu essen.<\/h6>\n<h6 class=\"p1\" style=\"text-align: center;\"><div class=\"separator  transparent center  \" style=\"margin-top: 8px;\"><\/div>\n<\/h6>\n<h6 class=\"p1\" style=\"text-align: center;\">Aber nat\u00fcrlich, auch jeder andere Ort, an dem Sie sich wohlf\u00fchlen, kann die passende Location sein &#8211; beispielsweise eine Feier in der Bodega.<\/h6>\n\n\t\t<\/div> \n\t<\/div> <div class=\"vc_empty_space\"  style=\"height: 32px\" ><span class=\"vc_empty_space_inner\"><\/span><\/div>\n\n<div    class=\"vc_row wpb_row section vc_inner vc_row-fluid\" style=' text-align:left;'><div class=\" full_section_inner clearfix\">\n\t<div class=\"vc_col-sm-6 wpb_column vc_column_container \">\n\t\t<div class=\"wpb_wrapper\">\n\t\t\t\n\t<div class=\"wpb_single_image wpb_content_element vc_align_left\">\n\t\t<div>\n\t\t<div class=\"wpb_wrapper\">\n\t\t\t\n\t\t\t<div class=\"vc_single_image-wrapper   vc_box_border_grey\"><img width=\"640\" height=\"425\" src=\"http:\/\/lapalmacookery.com\/wp-content\/uploads\/2014\/05\/lapalmaCookery-celebracion.jpg\" class=\"vc_single_image-img attachment-full\" alt=\"\" loading=\"lazy\" srcset=\"http:\/\/lapalmacookery.com\/wp-content\/uploads\/2014\/05\/lapalmaCookery-celebracion.jpg 640w, http:\/\/lapalmacookery.com\/wp-content\/uploads\/2014\/05\/lapalmaCookery-celebracion-300x199.jpg 300w\" sizes=\"(max-width: 640px) 100vw, 640px\" \/><\/div>\n\t\t<\/div> \n\t\t<\/div>\n\t<\/div> <div class=\"separator  transparent center  \" style=\"margin-top: 25px;\"><\/div>\n\n\t<div class=\"wpb_text_column wpb_content_element \">\n\t\t<div class=\"wpb_wrapper\">\n\t\t\t<h4 class=\"p1\"><b>Mal ganz ehrlich:<\/b><\/h4>\n<div class=\"separator  transparent center  \" style=\"margin-top: 8px;\"><\/div>\n\n<p class=\"p1\">Wann haben Sie das letzte Mal zu Hause in ganz entspannter Atmosph\u00e4re ein 4-G\u00e4nge-Men\u00fc genossen? Im Kreis Ihrer Freunde oder Familie?<\/p>\n<p style=\"text-align: justify;\"><div class=\"separator  transparent center  \" style=\"margin-top: 8px;\"><\/div>\n<p class=\"p1\">Wann haben Sie das letzte Mal zusammen mit Ihren Freunden einen gro\u00dfartigen Abend erlebt und etwas ganz Tolles gekocht?<\/p>\n<p style=\"text-align: justify;\"><div class=\"separator  transparent center  \" style=\"margin-top: 8px;\"><\/div>\n<p class=\"p1\">Wenn Sie jetzt sagen, an so eine ausgefallene Aktion habe ich noch nicht einmal gedacht, dann ist das v\u00f6llig okay. Denn bislang gab es das hier auf La Palma noch gar nicht.<\/p>\n<p style=\"text-align: justify;\"><div class=\"separator  transparent center  \" style=\"margin-top: 8px;\"><\/div>\n\n\t\t<\/div> \n\t<\/div> \n\t\t<\/div> \n\t<\/div> \n\n\t<div class=\"vc_col-sm-6 wpb_column vc_column_container \">\n\t\t<div class=\"wpb_wrapper\">\n\t\t\t\n\t<div class=\"wpb_single_image wpb_content_element vc_align_left\">\n\t\t<div>\n\t\t<div class=\"wpb_wrapper\">\n\t\t\t\n\t\t\t<div class=\"vc_single_image-wrapper   vc_box_border_grey\"><img width=\"640\" height=\"425\" src=\"http:\/\/lapalmacookery.com\/wp-content\/uploads\/2014\/05\/lapalmaCookery-hogar.jpg\" class=\"vc_single_image-img attachment-full\" alt=\"\" loading=\"lazy\" srcset=\"http:\/\/lapalmacookery.com\/wp-content\/uploads\/2014\/05\/lapalmaCookery-hogar.jpg 640w, http:\/\/lapalmacookery.com\/wp-content\/uploads\/2014\/05\/lapalmaCookery-hogar-300x199.jpg 300w\" sizes=\"(max-width: 640px) 100vw, 640px\" \/><\/div>\n\t\t<\/div> \n\t\t<\/div>\n\t<\/div> <div class=\"separator  transparent center  \" style=\"margin-top: 25px;\"><\/div>\n\n\t<div class=\"wpb_text_column wpb_content_element \">\n\t\t<div class=\"wpb_wrapper\">\n\t\t\t<h4 class=\"p1\"><b>Aber jetzt k\u00f6nnen Sie sich ab sofort dieses einmalige Erlebnis g\u00f6nnen &#8211; bei Ihnen zuhause. <\/b><\/h4>\n<div class=\"separator  transparent center  \" style=\"margin-top: 8px;\"><\/div>\n\n<p class=\"p1\">\u00dcberlegen Sie mal, welche Vorteile das hat:<\/p>\n<ul class=\"ul1\">\n<li class=\"li1\">Sie k\u00f6nnen auch mehr als ein Glas Wein trinken, Sie brauchen ja nicht mehr zu fahren.<\/li>\n<li class=\"li1\">Zuhause ist es doch am gem\u00fctlichsten.<\/li>\n<li class=\"li1\">Hier k\u00f6nnen Sie machen, was Sie wollen, beispielsweise rauchen, singen, tanzen &#8230; das geht nicht in jedem Lokal.<\/li>\n<\/ul>\n\n\t\t<\/div> \n\t<\/div> \n\t\t<\/div> \n\t<\/div> \n<\/div><\/div><div class=\"vc_empty_space\"  style=\"height: 12px\" ><span class=\"vc_empty_space_inner\"><\/span><\/div>\n\n\n\t\t<\/div> \n\t<\/div> \n<\/div><\/div><\/div><div  data-q_id=\"#portfolio\"  data-q_title=\"Portfolio List\"  data-q_icon=\"fa-list\" class=\"vc_row wpb_row section vc_row-fluid vc_custom_1447928223038 grid_section\" style='background-color:#ffffff; border-bottom: 1px solid #efefef; padding-top:57px; padding-bottom:0px; text-align:left;'><div class=\" section_inner clearfix\"><div class='section_inner_margin clearfix'>\n\t<div class=\"vc_col-sm-12 wpb_column vc_column_container \">\n\t\t<div class=\"wpb_wrapper\">\n\t\t\t\n\t<div class=\"wpb_text_column wpb_content_element \">\n\t\t<div class=\"wpb_wrapper\">\n\t\t\t<h2 class=\"p1\" style=\"text-align: center;\"><b>Ihr privater Chefkoch kommt zu Ihnen nach Hause<\/b><\/h2>\n\n\t\t<\/div> \n\t<\/div> <div class=\"vc_empty_space\"  style=\"height: 12px\" ><span class=\"vc_empty_space_inner\"><\/span><\/div>\n\n\n\t<div class=\"wpb_text_column wpb_content_element \">\n\t\t<div class=\"wpb_wrapper\">\n\t\t\t<h6 class=\"p1\" style=\"text-align: center;\">Ich komme dorthin, wo Sie mich brauchen: Nach Hause, in Ihr Chalet, in Ihr Appartement, in Ihre Firma, auf Ihre Yacht, zu Ihrer Grillfeier &#8230; Denn das ist der neueste Trend: Gourmet-Kochen zu Hause.<\/h6>\n<h6><div class=\"separator  transparent center  \" style=\"margin-top: 8px;\"><\/div>\n<\/h6>\n<h6 class=\"p1\" style=\"text-align: center;\">Nutzen Sie einen der 10 besten Tipps auf La Palma, wie Sie ein unvergessliches Kochevent mit Freunden genie\u00dfen. Laden Sie den Gourmet-Koch zu sich nach Hause ein und feiern Sie einen einzigartigen Premierenabend.<\/h6>\n\n\t\t<\/div> \n\t<\/div> <div class=\"vc_empty_space\"  style=\"height: 32px\" ><span class=\"vc_empty_space_inner\"><\/span><\/div>\n\n<div    class=\"vc_row wpb_row section vc_inner vc_row-fluid\" style=' text-align:left;'><div class=\" full_section_inner clearfix\">\n\t<div class=\"vc_col-sm-4 wpb_column vc_column_container \">\n\t\t<div class=\"wpb_wrapper\">\n\t\t\t\n\t<div class=\"wpb_single_image wpb_content_element vc_align_left\">\n\t\t<div>\n\t\t<div class=\"wpb_wrapper\">\n\t\t\t\n\t\t\t<div class=\"vc_single_image-wrapper   vc_box_border_grey\"><img width=\"352\" height=\"229\" src=\"http:\/\/lapalmacookery.com\/wp-content\/uploads\/2014\/05\/servicios-lapalmacookery.jpg\" class=\"vc_single_image-img attachment-full\" alt=\"\" loading=\"lazy\" srcset=\"http:\/\/lapalmacookery.com\/wp-content\/uploads\/2014\/05\/servicios-lapalmacookery.jpg 352w, http:\/\/lapalmacookery.com\/wp-content\/uploads\/2014\/05\/servicios-lapalmacookery-300x195.jpg 300w\" sizes=\"(max-width: 352px) 100vw, 352px\" \/><\/div>\n\t\t<\/div> \n\t\t<\/div>\n\t<\/div> <div class=\"separator  transparent center  \" style=\"margin-top: 25px;margin-bottom: 8px;\"><\/div>\n\n\t<div class=\"wpb_text_column wpb_content_element \">\n\t\t<div class=\"wpb_wrapper\">\n\t\t\t<h3 class=\"p1\"><b>Seite Kategorien<\/b><\/h3>\n\n\t\t<\/div> \n\t<\/div> <div class=\"separator  transparent center  \" style=\"margin-top: 11px;margin-bottom: 0px;\"><\/div>\n\n\t<div class=\"wpb_text_column wpb_content_element \">\n\t\t<div class=\"wpb_wrapper\">\n\t\t\t<p class=\"p1\">Wie das Erlebniskochen ablaufen k\u00f6nnte und welche Leistungen Sie buchen k\u00f6nnen, das erfahren Sie hier.<\/p>\n<p class=\"p1\" style=\"text-align: justify;\"><div class=\"separator  transparent center  \" style=\"margin-top: 8px;\"><\/div>\n<p class=\"p1\" style=\"text-align: left;\"><a href=\"http:\/\/lapalmacookery.com\/de\/seite-kategorien\" target=\"_self\"  class=\"qbutton  medium center\" style=\"margin: 10; \">kategorien<\/a><\/p>\n\n\t\t<\/div> \n\t<\/div> <div class=\"separator  transparent center  \" style=\"margin-top: 63px;margin-bottom: 0px;\"><\/div>\n\n\t\t<\/div> \n\t<\/div> \n\n\t<div class=\"vc_col-sm-4 wpb_column vc_column_container \">\n\t\t<div class=\"wpb_wrapper\">\n\t\t\t\n\t<div class=\"wpb_single_image wpb_content_element vc_align_left\">\n\t\t<div>\n\t\t<div class=\"wpb_wrapper\">\n\t\t\t\n\t\t\t<div class=\"vc_single_image-wrapper   vc_box_border_grey\"><img width=\"352\" height=\"229\" src=\"http:\/\/lapalmacookery.com\/wp-content\/uploads\/2014\/05\/chefGourmet.jpg\" class=\"vc_single_image-img attachment-full\" alt=\"\" loading=\"lazy\" srcset=\"http:\/\/lapalmacookery.com\/wp-content\/uploads\/2014\/05\/chefGourmet.jpg 352w, http:\/\/lapalmacookery.com\/wp-content\/uploads\/2014\/05\/chefGourmet-300x195.jpg 300w\" sizes=\"(max-width: 352px) 100vw, 352px\" \/><\/div>\n\t\t<\/div> \n\t\t<\/div>\n\t<\/div> <div class=\"separator  transparent center  \" style=\"margin-top: 25px;margin-bottom: 8px;\"><\/div>\n\n\t<div class=\"wpb_text_column wpb_content_element \">\n\t\t<div class=\"wpb_wrapper\">\n\t\t\t<h3 class=\"p1\"><b>Seite\u00a0<\/b>Aktivit\u00e4ten<\/h3>\n\n\t\t<\/div> \n\t<\/div> <div class=\"separator  transparent center  \" style=\"margin-top: 11px;margin-bottom: 0px;\"><\/div>\n\n\t<div class=\"wpb_text_column wpb_content_element \">\n\t\t<div class=\"wpb_wrapper\">\n\t\t\t<p class=\"p1\">Welche K\u00fcche Sie w\u00e4hlen k\u00f6nnen und welche am besten zu Ihrem Event passt, erfahren Sie hier.<\/p>\n<p class=\"p1\"><div class=\"separator  transparent center  \" style=\"margin-top: 8px;\"><\/div>\n<p class=\"p1\" style=\"text-align: left;\"><a href=\"http:\/\/lapalmacookery.com\/de\/seite-aktivitaten\" target=\"_self\"  class=\"qbutton  medium center\" style=\"margin: 10; \">Aktivit\u00e4ten<\/a><\/p>\n\n\t\t<\/div> \n\t<\/div> <div class=\"separator  transparent center  \" style=\"margin-top: 63px;margin-bottom: 0px;\"><\/div>\n\n\t\t<\/div> \n\t<\/div> \n\n\t<div class=\"vc_col-sm-4 wpb_column vc_column_container \">\n\t\t<div class=\"wpb_wrapper\">\n\t\t\t\n\t<div class=\"wpb_single_image wpb_content_element vc_align_left\">\n\t\t<div>\n\t\t<div class=\"wpb_wrapper\">\n\t\t\t\n\t\t\t<div class=\"vc_single_image-wrapper   vc_box_border_grey\"><img width=\"352\" height=\"229\" src=\"http:\/\/lapalmacookery.com\/wp-content\/uploads\/2014\/05\/georg-lapalmacookery-chef.jpg\" class=\"vc_single_image-img attachment-full\" alt=\"\" loading=\"lazy\" srcset=\"http:\/\/lapalmacookery.com\/wp-content\/uploads\/2014\/05\/georg-lapalmacookery-chef.jpg 352w, http:\/\/lapalmacookery.com\/wp-content\/uploads\/2014\/05\/georg-lapalmacookery-chef-300x195.jpg 300w\" sizes=\"(max-width: 352px) 100vw, 352px\" \/><\/div>\n\t\t<\/div> \n\t\t<\/div>\n\t<\/div> <div class=\"separator  transparent center  \" style=\"margin-top: 25px;margin-bottom: 8px;\"><\/div>\n\n\t<div class=\"wpb_text_column wpb_content_element \">\n\t\t<div class=\"wpb_wrapper\">\n\t\t\t<h3 style=\"text-align: left;\">Meine Geschichte<\/h3>\n\n\t\t<\/div> \n\t<\/div> <div class=\"separator  transparent center  \" style=\"margin-top: 11px;margin-bottom: 0px;\"><\/div>\n\n\t<div class=\"wpb_text_column wpb_content_element \">\n\t\t<div class=\"wpb_wrapper\">\n\t\t\t<p class=\"p1\">Und wie Ihr Sternekoch seine Leidenschaft f\u00fcrs Kochen entdeckte, erfahren Sie hier.<b> <\/b><\/p>\n<p class=\"p1\" style=\"text-align: justify;\"><div class=\"separator  transparent center  \" style=\"margin-top: 8px;\"><\/div>\n<p class=\"p1\" style=\"text-align: left;\"><a href=\"http:\/\/lapalmacookery.com\/de\/meine-geschichte\" target=\"_self\"  class=\"qbutton  medium center\" style=\"margin: 10; \">Meine Geschichte<\/a><\/p>\n\n\t\t<\/div> \n\t<\/div> <div class=\"separator  transparent center  \" style=\"margin-top: 63px;margin-bottom: 0px;\"><\/div>\n\n\t\t<\/div> \n\t<\/div> \n<\/div><\/div>\n\t\t<\/div> \n\t<\/div> \n<\/div><\/div><\/div><div    class=\"vc_row wpb_row section vc_row-fluid\" style=' padding-top:0px; padding-bottom:0px; text-align:left;'><div class=\" full_section_inner clearfix\">\n\t<div class=\"vc_col-sm-12 wpb_column vc_column_container \">\n\t\t<div class=\"wpb_wrapper\">\n\t\t\t<div class=\"call_to_action normal\" style=\"background-color: #ae9962;padding-top: 23px;padding-bottom: 23px;\"><div class=\"container_inner\"><div class=\"two_columns_75_25 clearfix\"><div class=\"text_wrapper column1\"><div class=\"call_to_action_text\" style=\"font-weight: 500;\"><\/p>\n<h2><strong><span style=\"color: #ffffff;\">Genie\u00dfen Sie ein einmaliges Kochevent mit Ihrem pers\u00f6nlichen Chefkoch bei Ihnen zuhause!<br \/>\n<\/span><\/strong><\/h2>\n<p><\/div><\/div><div class=\"button_wrapper column2\"><a href=\"http:\/\/lapalmacookery.com\/de\/kontakt\" class=\"qbutton white large\" target=\"\" style=\"color: #000000;border-color: #ffffff;background-color: #ffffff;\"data-hover-background-color=#f9f9f9 data-hover-border-color=#f9f9f9 data-hover-color=#000000>Termin vereinbaren<\/a><\/div><\/div><\/div><\/div>\n\t\t<\/div> \n\t<\/div> \n<\/div><\/div>\n","protected":false},"excerpt":{"rendered":"Genie\u00dfen Sie ein 4-G\u00e4nge-Men\u00fc am sch\u00f6nsten Ort der Welt - Bei Ihnen zuhause, oder in Ihrem Urlaubs-Appartement! Lassen Sie sich und Ihre G\u00e4ste verw\u00f6hnen - mit einer neuen und einzigartigen Aktivit\u00e4t auf La Palma! Vielleicht sagen Sie jetzt: \"Wie soll das denn gehen? Ich bin...","protected":false},"author":1,"featured_media":0,"parent":0,"menu_order":0,"comment_status":"open","ping_status":"closed","template":"full_width.php","meta":[],"_links":{"self":[{"href":"http:\/\/lapalmacookery.com\/de\/wp-json\/wp\/v2\/pages\/17076"}],"collection":[{"href":"http:\/\/lapalmacookery.com\/de\/wp-json\/wp\/v2\/pages"}],"about":[{"href":"http:\/\/lapalmacookery.com\/de\/wp-json\/wp\/v2\/types\/page"}],"author":[{"embeddable":true,"href":"http:\/\/lapalmacookery.com\/de\/wp-json\/wp\/v2\/users\/1"}],"replies":[{"embeddable":true,"href":"http:\/\/lapalmacookery.com\/de\/wp-json\/wp\/v2\/comments?post=17076"}],"version-history":[{"count":9,"href":"http:\/\/lapalmacookery.com\/de\/wp-json\/wp\/v2\/pages\/17076\/revisions"}],"predecessor-version":[{"id":17544,"href":"http:\/\/lapalmacookery.com\/de\/wp-json\/wp\/v2\/pages\/17076\/revisions\/17544"}],"wp:attachment":[{"href":"http:\/\/lapalmacookery.com\/de\/wp-json\/wp\/v2\/media?parent=17076"}],"curies":[{"name":"wp","href":"https:\/\/api.w.org\/{rel}","templated":true}]}}